{"id":43583,"date":"2021-03-02T16:22:30","date_gmt":"2021-03-02T14:22:30","guid":{"rendered":"https:\/\/fcflora.ee\/flora-cup-b-tase-voistkonnad-ja-ajakavad\/"},"modified":"2021-05-18T11:32:25","modified_gmt":"2021-05-18T08:32:25","slug":"flora-cup-b-level-teams-and-schedule","status":"publish","type":"page","link":"https:\/\/fcflora.ee\/en\/flora-cup-b-level-teams-and-schedule\/","title":{"rendered":"Teams and Schedule"},"content":{"rendered":"\n<p>Allolevast tabelist leiad \u00fcldinfo&nbsp;<strong><span style=\"color:#309a19\" class=\"has-inline-color\">FLORA CUP 2021 B<\/span>&nbsp;<\/strong>taseme&nbsp;turniiride kohta.<\/p>\n\n\n\n<figure class=\"wp-block-table is-style-stripes\"><table><tbody><tr><td><strong>Vanuse-<br>grupp<\/strong><\/td><td><strong>Toimumise<br>aeg&nbsp;<\/strong><\/td><td><strong>Toimumise<br>koht<\/strong><\/td><td><strong>Palli<br>suurus<\/strong><\/td><td><strong>M\u00e4ngu<br>pikkus<\/strong><\/td><td><strong>Sulu-<br>seis<\/strong><\/td><td><strong>M\u00e4ngijaid<br>v\u00e4ljakul<\/strong><\/td><td><strong>M\u00e4ngijaid<br>v\u00f5istkonnas<\/strong><\/td><\/tr><tr><td>U15 (2007)<\/td><td>25 august<\/td><td>Lillek\u00fcla kompleks<\/td><td>5<\/td><td>2 x 15<\/td><td>+<\/td><td>11 vs 11<\/td><td>Max 18<\/td><\/tr><tr><td>U14 (2008)<\/td><td>26 august<\/td><td>Lillek\u00fcla kompleks<\/td><td>4<\/td><td>2 x 15<\/td><td>+<\/td><td>11 vs 11<\/td><td>Max 18<\/td><\/tr><tr><td>U13 (2009)<\/td><td>23 august<\/td><td>Lillek\u00fcla kompleks<\/td><td>4<\/td><td>2 x 15<\/td><td>+<\/td><td>9 vs 9<\/td><td>Max 18<\/td><\/tr><tr><td>U12 (2010)<\/td><td>24 august<\/td><td>Lillek\u00fcla kompleks<\/td><td>4<\/td><td>2 x 15<\/td><td>+<\/td><td>9 vs 9<\/td><td>Max 18<\/td><\/tr><tr><td>U11 (2011)<\/td><td>23 august<\/td><td>Lillek\u00fcla kompleks<\/td><td>3<\/td><td>2 x 15<\/td><td>\u2013<\/td><td>7 vs 7<\/td><td>Max 15<\/td><\/tr><tr><td>U10 (2012)<\/td><td>24 august<\/td><td>Lillek\u00fcla kompleks<\/td><td>3<\/td><td>2 x 15<\/td><td>\u2013<\/td><td>7 vs 7<\/td><td>Max 15<\/td><\/tr><tr><td>U9 (2013)<\/td><td>25 august<\/td><td>Lillek\u00fcla kompleks<\/td><td>3<\/td><td>2 x 10<\/td><td>\u2013<\/td><td>5 vs 5<\/td><td>Max 12<\/td><\/tr><tr><td>U8 (2014)<\/td><td>26 august<\/td><td>Lillek\u00fcla kompleks<\/td><td>3<\/td><td>2 x 10<\/td><td>\u2013<\/td><td>5 vs 5<\/td><td>Max 12<\/td><\/tr><\/tbody><\/table><\/figure>\n\n\n\n<p><strong>Registreerunud v\u00f5istkondade loetelu ilmub lehele jooksvalt. Iga konkreetse turniiri m\u00e4ngude ajakava avaldame peale registreerimise l\u00f5ppu, kuid hiljemalt n\u00e4dal enne turniiri algust. Mainitud info leiad klikkides allolevatele vanusegruppidele.<\/strong><\/p>\n\n\n\n<div style=\"height:80px\" aria-hidden=\"true\" class=\"wp-block-spacer\"><\/div>\n\n\n\n<div class=\"wp-block-columns is-layout-flex wp-container-core-columns-is-layout-1 wp-block-columns-is-layout-flex\">\n<div class=\"wp-block-column is-layout-flow wp-block-column-is-layout-flow\" style=\"flex-basis:25%\">\n<p class=\"has-text-align-center has-large-font-size\"><a href=\"https:\/\/fcflora.ee\/b-tase-u15-2007-2\/\" class=\"broken_link\">U15 (2007)<\/a><\/p>\n<\/div>\n\n\n\n<div class=\"wp-block-column is-layout-flow wp-block-column-is-layout-flow\" style=\"flex-basis:25%\">\n<p class=\"has-text-align-center has-large-font-size\"><a href=\"https:\/\/fcflora.ee\/b-tase-u14-2008-2\/\" class=\"broken_link\">U14 (2008)<\/a><\/p>\n<\/div>\n\n\n\n<div class=\"wp-block-column is-layout-flow wp-block-column-is-layout-flow\" style=\"flex-basis:24.99%\">\n<p class=\"has-text-align-center has-large-font-size\"><a href=\"https:\/\/fcflora.ee\/b-tase-u13-2009-2\/\" class=\"broken_link\">U13 (2009)<\/a><\/p>\n<\/div>\n\n\n\n<div class=\"wp-block-column is-layout-flow wp-block-column-is-layout-flow\" style=\"flex-basis:25%\">\n<p class=\"has-text-align-center has-large-font-size\"><a href=\"https:\/\/fcflora.ee\/b-tase-u12-2010-2\/\" class=\"broken_link\">U12 (2010)<\/a><\/p>\n<\/div>\n<\/div>\n\n\n\n<div class=\"wp-block-columns is-layout-flex wp-container-core-columns-is-layout-2 wp-block-columns-is-layout-flex\">\n<div class=\"wp-block-column is-layout-flow wp-block-column-is-layout-flow\" style=\"flex-basis:25%\">\n<p class=\"has-text-align-center has-large-font-size\"><a href=\"https:\/\/fcflora.ee\/b-tase-u11-2011-2\/\" class=\"broken_link\">U11 (2011)<\/a><\/p>\n<\/div>\n\n\n\n<div class=\"wp-block-column is-layout-flow wp-block-column-is-layout-flow\" style=\"flex-basis:25%\">\n<p class=\"has-text-align-center has-large-font-size\"><a href=\"https:\/\/fcflora.ee\/b-tase-u10-2012-2\/\" class=\"broken_link\">U10 (2012)<\/a><\/p>\n<\/div>\n\n\n\n<div class=\"wp-block-column is-layout-flow wp-block-column-is-layout-flow\" style=\"flex-basis:24.99%\">\n<p class=\"has-text-align-center has-large-font-size\"><a href=\"https:\/\/fcflora.ee\/b-tase-u9-2013-2\/\" class=\"broken_link\">U9 (2013)<\/a><\/p>\n<\/div>\n\n\n\n<div class=\"wp-block-column is-layout-flow wp-block-column-is-layout-flow\" style=\"flex-basis:25%\">\n<p class=\"has-text-align-center has-large-font-size\"><a href=\"https:\/\/fcflora.ee\/b-tase-u8-2014\/\">U8 (2014)<\/a><\/p>\n<\/div>\n<\/div>\n","protected":false},"excerpt":{"rendered":"<p>Allolevast tabelist leiad \u00fcldinfo&nbsp;FLORA CUP 2021 B&nbsp;taseme&nbsp;turniiride kohta. Vanuse-grupp Toimumiseaeg&nbsp; Toimumisekoht Pallisuurus M\u00e4ngupikkus Sulu-seis M\u00e4ngijaidv\u00e4ljakul M\u00e4ngijaidv\u00f5istkonnas U15 (2007) 25 august Lillek\u00fcla kompleks 5 2 x 15 + 11 vs 11 Max 18 U14 (2008) 26 august Lillek\u00fcla kompleks 4 2 x 15 + 11 vs 11 Max 18 U13 (2009) 23 august Lillek\u00fcla kompleks 4 [&hellip;]<\/p>\n","protected":false},"author":3,"featured_media":0,"parent":0,"menu_order":0,"comment_status":"closed","ping_status":"closed","template":"","meta":{"_acf_changed":false,"_uag_custom_page_level_css":"","_exactmetrics_skip_tracking":false,"_exactmetrics_sitenote_active":false,"_exactmetrics_sitenote_note":"","_exactmetrics_sitenote_category":0,"footnotes":""},"categories":[17398],"class_list":["post-43583","page","type-page","status-publish","hentry","category-flora-cup-en"],"acf":[],"yoast_head":"<!-- This site is optimized with the Yoast SEO plugin v24.0 - https:\/\/yoast.com\/wordpress\/plugins\/seo\/ -->\n<title>Teams and Schedule &#8211; FC Flora<\/title>\n<meta name=\"robots\" content=\"index, follow, max-snippet:-1, max-image-preview:large, max-video-preview:-1\" \/>\n<link rel=\"canonical\" href=\"https:\/\/fcflora.ee\/en\/flora-cup-b-level-teams-and-schedule\/\" \/>\n<meta property=\"og:locale\" content=\"en_US\" \/>\n<meta property=\"og:type\" content=\"article\" \/>\n<meta property=\"og:title\" content=\"Teams and Schedule &#8211; FC Flora\" \/>\n<meta property=\"og:description\" content=\"Allolevast tabelist leiad \u00fcldinfo&nbsp;FLORA CUP 2021 B&nbsp;taseme&nbsp;turniiride kohta. Vanuse-grupp Toimumiseaeg&nbsp; Toimumisekoht Pallisuurus M\u00e4ngupikkus Sulu-seis M\u00e4ngijaidv\u00e4ljakul M\u00e4ngijaidv\u00f5istkonnas U15 (2007) 25 august Lillek\u00fcla kompleks 5 2 x 15 + 11 vs 11 Max 18 U14 (2008) 26 august Lillek\u00fcla kompleks 4 2 x 15 + 11 vs 11 Max 18 U13 (2009) 23 august Lillek\u00fcla kompleks 4 [&hellip;]\" \/>\n<meta property=\"og:url\" content=\"https:\/\/fcflora.ee\/en\/flora-cup-b-level-teams-and-schedule\/\" \/>\n<meta property=\"og:site_name\" content=\"FC Flora\" \/>\n<meta property=\"article:modified_time\" content=\"2021-05-18T08:32:25+00:00\" \/>\n<meta name=\"twitter:card\" content=\"summary_large_image\" \/>\n<meta name=\"twitter:label1\" content=\"Est. reading time\" \/>\n\t<meta name=\"twitter:data1\" content=\"1 minute\" \/>\n<script type=\"application\/ld+json\" class=\"yoast-schema-graph\">{\"@context\":\"https:\/\/schema.org\",\"@graph\":[{\"@type\":\"WebPage\",\"@id\":\"https:\/\/fcflora.ee\/en\/flora-cup-b-level-teams-and-schedule\/\",\"url\":\"https:\/\/fcflora.ee\/en\/flora-cup-b-level-teams-and-schedule\/\",\"name\":\"Teams and Schedule &#8211; FC Flora\",\"isPartOf\":{\"@id\":\"https:\/\/fcflora.ee\/#website\"},\"datePublished\":\"2021-03-02T14:22:30+00:00\",\"dateModified\":\"2021-05-18T08:32:25+00:00\",\"breadcrumb\":{\"@id\":\"https:\/\/fcflora.ee\/en\/flora-cup-b-level-teams-and-schedule\/#breadcrumb\"},\"inLanguage\":\"en-US\",\"potentialAction\":[{\"@type\":\"ReadAction\",\"target\":[\"https:\/\/fcflora.ee\/en\/flora-cup-b-level-teams-and-schedule\/\"]}]},{\"@type\":\"BreadcrumbList\",\"@id\":\"https:\/\/fcflora.ee\/en\/flora-cup-b-level-teams-and-schedule\/#breadcrumb\",\"itemListElement\":[{\"@type\":\"ListItem\",\"position\":1,\"name\":\"Home\",\"item\":\"https:\/\/fcflora.ee\/en\/avaleht\/\"},{\"@type\":\"ListItem\",\"position\":2,\"name\":\"Teams and Schedule\"}]},{\"@type\":\"WebSite\",\"@id\":\"https:\/\/fcflora.ee\/#website\",\"url\":\"https:\/\/fcflora.ee\/\",\"name\":\"FC Flora\",\"description\":\"Ametlik koduleht\",\"potentialAction\":[{\"@type\":\"SearchAction\",\"target\":{\"@type\":\"EntryPoint\",\"urlTemplate\":\"https:\/\/fcflora.ee\/?s={search_term_string}\"},\"query-input\":{\"@type\":\"PropertyValueSpecification\",\"valueRequired\":true,\"valueName\":\"search_term_string\"}}],\"inLanguage\":\"en-US\"}]}<\/script>\n<!-- \/ Yoast SEO plugin. -->","yoast_head_json":{"title":"Teams and Schedule &#8211; FC Flora","robots":{"index":"index","follow":"follow","max-snippet":"max-snippet:-1","max-image-preview":"max-image-preview:large","max-video-preview":"max-video-preview:-1"},"canonical":"https:\/\/fcflora.ee\/en\/flora-cup-b-level-teams-and-schedule\/","og_locale":"en_US","og_type":"article","og_title":"Teams and Schedule &#8211; FC Flora","og_description":"Allolevast tabelist leiad \u00fcldinfo&nbsp;FLORA CUP 2021 B&nbsp;taseme&nbsp;turniiride kohta. Vanuse-grupp Toimumiseaeg&nbsp; Toimumisekoht Pallisuurus M\u00e4ngupikkus Sulu-seis M\u00e4ngijaidv\u00e4ljakul M\u00e4ngijaidv\u00f5istkonnas U15 (2007) 25 august Lillek\u00fcla kompleks 5 2 x 15 + 11 vs 11 Max 18 U14 (2008) 26 august Lillek\u00fcla kompleks 4 2 x 15 + 11 vs 11 Max 18 U13 (2009) 23 august Lillek\u00fcla kompleks 4 [&hellip;]","og_url":"https:\/\/fcflora.ee\/en\/flora-cup-b-level-teams-and-schedule\/","og_site_name":"FC Flora","article_modified_time":"2021-05-18T08:32:25+00:00","twitter_card":"summary_large_image","twitter_misc":{"Est. reading time":"1 minute"},"schema":{"@context":"https:\/\/schema.org","@graph":[{"@type":"WebPage","@id":"https:\/\/fcflora.ee\/en\/flora-cup-b-level-teams-and-schedule\/","url":"https:\/\/fcflora.ee\/en\/flora-cup-b-level-teams-and-schedule\/","name":"Teams and Schedule &#8211; FC Flora","isPartOf":{"@id":"https:\/\/fcflora.ee\/#website"},"datePublished":"2021-03-02T14:22:30+00:00","dateModified":"2021-05-18T08:32:25+00:00","breadcrumb":{"@id":"https:\/\/fcflora.ee\/en\/flora-cup-b-level-teams-and-schedule\/#breadcrumb"},"inLanguage":"en-US","potentialAction":[{"@type":"ReadAction","target":["https:\/\/fcflora.ee\/en\/flora-cup-b-level-teams-and-schedule\/"]}]},{"@type":"BreadcrumbList","@id":"https:\/\/fcflora.ee\/en\/flora-cup-b-level-teams-and-schedule\/#breadcrumb","itemListElement":[{"@type":"ListItem","position":1,"name":"Home","item":"https:\/\/fcflora.ee\/en\/avaleht\/"},{"@type":"ListItem","position":2,"name":"Teams and Schedule"}]},{"@type":"WebSite","@id":"https:\/\/fcflora.ee\/#website","url":"https:\/\/fcflora.ee\/","name":"FC Flora","description":"Ametlik koduleht","potentialAction":[{"@type":"SearchAction","target":{"@type":"EntryPoint","urlTemplate":"https:\/\/fcflora.ee\/?s={search_term_string}"},"query-input":{"@type":"PropertyValueSpecification","valueRequired":true,"valueName":"search_term_string"}}],"inLanguage":"en-US"}]}},"uagb_featured_image_src":{"full":false,"thumbnail":false,"medium":false,"medium_large":false,"large":false,"1536x1536":false,"2048x2048":false},"uagb_author_info":{"display_name":"marten","author_link":"https:\/\/fcflora.ee\/en\/author\/marten\/"},"uagb_comment_info":0,"uagb_excerpt":"Allolevast tabelist leiad \u00fcldinfo&nbsp;FLORA CUP 2021 B&nbsp;taseme&nbsp;turniiride kohta. Vanuse-grupp Toimumiseaeg&nbsp; Toimumisekoht Pallisuurus M\u00e4ngupikkus Sulu-seis M\u00e4ngijaidv\u00e4ljakul M\u00e4ngijaidv\u00f5istkonnas U15 (2007) 25 august Lillek\u00fcla kompleks 5 2 x 15 + 11 vs 11 Max 18 U14 (2008) 26 august Lillek\u00fcla kompleks 4 2 x 15 + 11 vs 11 Max 18 U13 (2009) 23 august Lillek\u00fcla kompleks 4&hellip;","_links":{"self":[{"href":"https:\/\/fcflora.ee\/en\/wp-json\/wp\/v2\/pages\/43583","targetHints":{"allow":["GET"]}}],"collection":[{"href":"https:\/\/fcflora.ee\/en\/wp-json\/wp\/v2\/pages"}],"about":[{"href":"https:\/\/fcflora.ee\/en\/wp-json\/wp\/v2\/types\/page"}],"author":[{"embeddable":true,"href":"https:\/\/fcflora.ee\/en\/wp-json\/wp\/v2\/users\/3"}],"replies":[{"embeddable":true,"href":"https:\/\/fcflora.ee\/en\/wp-json\/wp\/v2\/comments?post=43583"}],"version-history":[{"count":0,"href":"https:\/\/fcflora.ee\/en\/wp-json\/wp\/v2\/pages\/43583\/revisions"}],"wp:attachment":[{"href":"https:\/\/fcflora.ee\/en\/wp-json\/wp\/v2\/media?parent=43583"}],"wp:term":[{"taxonomy":"category","embeddable":true,"href":"https:\/\/fcflora.ee\/en\/wp-json\/wp\/v2\/categories?post=43583"}],"curies":[{"name":"wp","href":"https:\/\/api.w.org\/{rel}","templated":true}]}}