{"id":43577,"date":"2021-03-02T16:21:02","date_gmt":"2021-03-02T14:21:02","guid":{"rendered":"https:\/\/fcflora.ee\/flora-cup-a-tase-pealtvaatajale\/"},"modified":"2021-05-18T11:32:59","modified_gmt":"2021-05-18T08:32:59","slug":"flora-cup-a-level-spectators","status":"publish","type":"page","link":"https:\/\/fcflora.ee\/en\/flora-cup-a-level-spectators\/","title":{"rendered":"Spectators"},"content":{"rendered":"\n<h2 class=\"wp-block-heading\"><strong>Austatud pealtvaataja! Suur t\u00e4nu Sulle, et oled teinud valiku tulla oma lemmikm\u00e4ngijat turniirile toetama!<\/strong><\/h2>\n\n\n\n<h3 class=\"wp-block-heading\"><strong>Kogu turniiri v\u00e4ltel palume Sind juhinduda lihtsatest p\u00f5hit\u00f5dedest:<\/strong><\/h3>\n\n\n\n<div class=\"wp-block-columns is-layout-flex wp-container-core-columns-is-layout-1 wp-block-columns-is-layout-flex\">\n<div class=\"wp-block-column is-layout-flow wp-block-column-is-layout-flow\" style=\"flex-basis:33.33%\">\n<figure class=\"wp-block-image size-large\"><img loading=\"lazy\" decoding=\"async\" width=\"576\" height=\"1024\" src=\"https:\/\/fcflora.ee\/wp-content\/uploads\/2021\/02\/Nimetu-kujundus-2-576x1024.png\" alt=\"\" class=\"wp-image-42150\" srcset=\"https:\/\/fcflora.ee\/wp-content\/uploads\/2021\/02\/Nimetu-kujundus-2-576x1024.png 576w, https:\/\/fcflora.ee\/wp-content\/uploads\/2021\/02\/Nimetu-kujundus-2-169x300.png 169w, https:\/\/fcflora.ee\/wp-content\/uploads\/2021\/02\/Nimetu-kujundus-2-768x1365.png 768w, https:\/\/fcflora.ee\/wp-content\/uploads\/2021\/02\/Nimetu-kujundus-2-864x1536.png 864w, https:\/\/fcflora.ee\/wp-content\/uploads\/2021\/02\/Nimetu-kujundus-2-600x1067.png 600w, https:\/\/fcflora.ee\/wp-content\/uploads\/2021\/02\/Nimetu-kujundus-2.png 1080w\" sizes=\"auto, (max-width: 576px) 100vw, 576px\" \/><\/figure>\n<\/div>\n\n\n\n<div class=\"wp-block-column is-layout-flow wp-block-column-is-layout-flow\" style=\"flex-basis:66.66%\">\n<ul class=\"wp-block-list\"><li>Ole lugupidav nii oma kui vastasv\u00f5istkonna m\u00e4ngijate, treenerite ja pealtvaatajate suhtes, samuti kohtunike ja teiste turniiri l\u00e4biviimisega seotud isikute suhtes. Repliikidega nende suunal ei aita&nbsp;Sa mitte kuidagi oma lemmikut, ega tema v\u00f5istkonnakaaslasi.<\/li><li>V\u00e4\u00e4rtusta suhtumist ja sooritust, mitte protokollilist tulemust \u2013 noortejalgpallis on k\u00f5ige olulisem v\u00f5it iseenda \u00fcle ehk m\u00e4ngija areng.<\/li><li>V\u00f5istkonna ja m\u00e4ngijate juhendamine on treenerite kohustus \u2013 kui siiski tunned vastpandamatut soovi seda ise teha, l\u00e4bi esimesel v\u00f5imalusel vastavasisuline koolitus ja esita m\u00f5nele spordiklubile oma kandidatuur.<\/li><li>\u00d5igus eksida on nii&nbsp;Sinu lemmikm\u00e4ngijal kui tema v\u00f5istkonnakaaslastel, samuti pole eksimatud m\u00e4ngu vilistavad kohtunikud.<\/li><li>Viibi kogu turniiri v\u00e4ltel selleks etten\u00e4htud alal, milleks reeglina on trib\u00fc\u00fcn. Kindlasti ei ole selleks oma- v\u00f5i vastasv\u00f5istkonna tehniline ala (seal tohivad viibida vaid varum\u00e4ngijad ja treenerid). J\u00e4rgi korraldajate vastavasisulisi korraldusi, k\u00fcsimuste korral k\u00fcsi neilt abi.<\/li><li>Laste jaoks on turniirip\u00e4ev pidup\u00e4ev. \u00c4ra riku oma lemmikm\u00e4ngija ega teiste&nbsp;laste pidup\u00e4eva!<\/li><li>Kui k\u00e4itud just selliselt nagu eelpool kirjapandud, v\u00f5id ka ennast tunda p\u00e4eva l\u00f5pus v\u00f5itjana.<\/li><li>M\u00f5istmaks, kuidas ei peaks k\u00e4ituma, soovitame vaadata j\u00e4rgmist&nbsp;<a href=\"https:\/\/www.youtube.com\/watch?v=SxNdLPreiAk\">videot<\/a><strong>.<\/strong> <\/li><\/ul>\n\n\n\n<p><strong>Kaunist pidup\u00e4eva!<\/strong><\/p>\n<\/div>\n<\/div>\n","protected":false},"excerpt":{"rendered":"<p>Austatud pealtvaataja! Suur t\u00e4nu Sulle, et oled teinud valiku tulla oma lemmikm\u00e4ngijat turniirile toetama! Kogu turniiri v\u00e4ltel palume Sind juhinduda lihtsatest p\u00f5hit\u00f5dedest: Ole lugupidav nii oma kui vastasv\u00f5istkonna m\u00e4ngijate, treenerite ja pealtvaatajate suhtes, samuti kohtunike ja teiste turniiri l\u00e4biviimisega seotud isikute suhtes. Repliikidega nende suunal ei aita&nbsp;Sa mitte kuidagi oma lemmikut, ega tema v\u00f5istkonnakaaslasi. V\u00e4\u00e4rtusta [&hellip;]<\/p>\n","protected":false},"author":3,"featured_media":0,"parent":0,"menu_order":0,"comment_status":"closed","ping_status":"closed","template":"","meta":{"_acf_changed":false,"_uag_custom_page_level_css":"","_exactmetrics_skip_tracking":false,"_exactmetrics_sitenote_active":false,"_exactmetrics_sitenote_note":"","_exactmetrics_sitenote_category":0,"footnotes":""},"categories":[17398],"class_list":["post-43577","page","type-page","status-publish","hentry","category-flora-cup-en"],"acf":[],"yoast_head":"<!-- This site is optimized with the Yoast SEO plugin v24.0 - https:\/\/yoast.com\/wordpress\/plugins\/seo\/ -->\n<title>Spectators &#8211; FC Flora<\/title>\n<meta name=\"robots\" content=\"index, follow, max-snippet:-1, max-image-preview:large, max-video-preview:-1\" \/>\n<link rel=\"canonical\" href=\"https:\/\/fcflora.ee\/en\/flora-cup-a-level-spectators\/\" \/>\n<meta property=\"og:locale\" content=\"en_US\" \/>\n<meta property=\"og:type\" content=\"article\" \/>\n<meta property=\"og:title\" content=\"Spectators &#8211; FC Flora\" \/>\n<meta property=\"og:description\" content=\"Austatud pealtvaataja! Suur t\u00e4nu Sulle, et oled teinud valiku tulla oma lemmikm\u00e4ngijat turniirile toetama! Kogu turniiri v\u00e4ltel palume Sind juhinduda lihtsatest p\u00f5hit\u00f5dedest: Ole lugupidav nii oma kui vastasv\u00f5istkonna m\u00e4ngijate, treenerite ja pealtvaatajate suhtes, samuti kohtunike ja teiste turniiri l\u00e4biviimisega seotud isikute suhtes. Repliikidega nende suunal ei aita&nbsp;Sa mitte kuidagi oma lemmikut, ega tema v\u00f5istkonnakaaslasi. V\u00e4\u00e4rtusta [&hellip;]\" \/>\n<meta property=\"og:url\" content=\"https:\/\/fcflora.ee\/en\/flora-cup-a-level-spectators\/\" \/>\n<meta property=\"og:site_name\" content=\"FC Flora\" \/>\n<meta property=\"article:modified_time\" content=\"2021-05-18T08:32:59+00:00\" \/>\n<meta property=\"og:image\" content=\"https:\/\/fcflora.ee\/wp-content\/uploads\/2021\/02\/Nimetu-kujundus-2-576x1024.png\" \/>\n<meta name=\"twitter:card\" content=\"summary_large_image\" \/>\n<meta name=\"twitter:label1\" content=\"Est. reading time\" \/>\n\t<meta name=\"twitter:data1\" content=\"2 minutes\" \/>\n<script type=\"application\/ld+json\" class=\"yoast-schema-graph\">{\"@context\":\"https:\/\/schema.org\",\"@graph\":[{\"@type\":\"WebPage\",\"@id\":\"https:\/\/fcflora.ee\/en\/flora-cup-a-level-spectators\/\",\"url\":\"https:\/\/fcflora.ee\/en\/flora-cup-a-level-spectators\/\",\"name\":\"Spectators &#8211; FC Flora\",\"isPartOf\":{\"@id\":\"https:\/\/fcflora.ee\/#website\"},\"primaryImageOfPage\":{\"@id\":\"https:\/\/fcflora.ee\/en\/flora-cup-a-level-spectators\/#primaryimage\"},\"image\":{\"@id\":\"https:\/\/fcflora.ee\/en\/flora-cup-a-level-spectators\/#primaryimage\"},\"thumbnailUrl\":\"https:\/\/fcflora.ee\/wp-content\/uploads\/2021\/02\/Nimetu-kujundus-2-576x1024.png\",\"datePublished\":\"2021-03-02T14:21:02+00:00\",\"dateModified\":\"2021-05-18T08:32:59+00:00\",\"breadcrumb\":{\"@id\":\"https:\/\/fcflora.ee\/en\/flora-cup-a-level-spectators\/#breadcrumb\"},\"inLanguage\":\"en-US\",\"potentialAction\":[{\"@type\":\"ReadAction\",\"target\":[\"https:\/\/fcflora.ee\/en\/flora-cup-a-level-spectators\/\"]}]},{\"@type\":\"ImageObject\",\"inLanguage\":\"en-US\",\"@id\":\"https:\/\/fcflora.ee\/en\/flora-cup-a-level-spectators\/#primaryimage\",\"url\":\"https:\/\/fcflora.ee\/wp-content\/uploads\/2021\/02\/Nimetu-kujundus-2-576x1024.png\",\"contentUrl\":\"https:\/\/fcflora.ee\/wp-content\/uploads\/2021\/02\/Nimetu-kujundus-2-576x1024.png\"},{\"@type\":\"BreadcrumbList\",\"@id\":\"https:\/\/fcflora.ee\/en\/flora-cup-a-level-spectators\/#breadcrumb\",\"itemListElement\":[{\"@type\":\"ListItem\",\"position\":1,\"name\":\"Home\",\"item\":\"https:\/\/fcflora.ee\/en\/avaleht\/\"},{\"@type\":\"ListItem\",\"position\":2,\"name\":\"Spectators\"}]},{\"@type\":\"WebSite\",\"@id\":\"https:\/\/fcflora.ee\/#website\",\"url\":\"https:\/\/fcflora.ee\/\",\"name\":\"FC Flora\",\"description\":\"Ametlik koduleht\",\"potentialAction\":[{\"@type\":\"SearchAction\",\"target\":{\"@type\":\"EntryPoint\",\"urlTemplate\":\"https:\/\/fcflora.ee\/?s={search_term_string}\"},\"query-input\":{\"@type\":\"PropertyValueSpecification\",\"valueRequired\":true,\"valueName\":\"search_term_string\"}}],\"inLanguage\":\"en-US\"}]}<\/script>\n<!-- \/ Yoast SEO plugin. -->","yoast_head_json":{"title":"Spectators &#8211; FC Flora","robots":{"index":"index","follow":"follow","max-snippet":"max-snippet:-1","max-image-preview":"max-image-preview:large","max-video-preview":"max-video-preview:-1"},"canonical":"https:\/\/fcflora.ee\/en\/flora-cup-a-level-spectators\/","og_locale":"en_US","og_type":"article","og_title":"Spectators &#8211; FC Flora","og_description":"Austatud pealtvaataja! Suur t\u00e4nu Sulle, et oled teinud valiku tulla oma lemmikm\u00e4ngijat turniirile toetama! Kogu turniiri v\u00e4ltel palume Sind juhinduda lihtsatest p\u00f5hit\u00f5dedest: Ole lugupidav nii oma kui vastasv\u00f5istkonna m\u00e4ngijate, treenerite ja pealtvaatajate suhtes, samuti kohtunike ja teiste turniiri l\u00e4biviimisega seotud isikute suhtes. Repliikidega nende suunal ei aita&nbsp;Sa mitte kuidagi oma lemmikut, ega tema v\u00f5istkonnakaaslasi. V\u00e4\u00e4rtusta [&hellip;]","og_url":"https:\/\/fcflora.ee\/en\/flora-cup-a-level-spectators\/","og_site_name":"FC Flora","article_modified_time":"2021-05-18T08:32:59+00:00","og_image":[{"url":"https:\/\/fcflora.ee\/wp-content\/uploads\/2021\/02\/Nimetu-kujundus-2-576x1024.png","type":"","width":"","height":""}],"twitter_card":"summary_large_image","twitter_misc":{"Est. reading time":"2 minutes"},"schema":{"@context":"https:\/\/schema.org","@graph":[{"@type":"WebPage","@id":"https:\/\/fcflora.ee\/en\/flora-cup-a-level-spectators\/","url":"https:\/\/fcflora.ee\/en\/flora-cup-a-level-spectators\/","name":"Spectators &#8211; FC Flora","isPartOf":{"@id":"https:\/\/fcflora.ee\/#website"},"primaryImageOfPage":{"@id":"https:\/\/fcflora.ee\/en\/flora-cup-a-level-spectators\/#primaryimage"},"image":{"@id":"https:\/\/fcflora.ee\/en\/flora-cup-a-level-spectators\/#primaryimage"},"thumbnailUrl":"https:\/\/fcflora.ee\/wp-content\/uploads\/2021\/02\/Nimetu-kujundus-2-576x1024.png","datePublished":"2021-03-02T14:21:02+00:00","dateModified":"2021-05-18T08:32:59+00:00","breadcrumb":{"@id":"https:\/\/fcflora.ee\/en\/flora-cup-a-level-spectators\/#breadcrumb"},"inLanguage":"en-US","potentialAction":[{"@type":"ReadAction","target":["https:\/\/fcflora.ee\/en\/flora-cup-a-level-spectators\/"]}]},{"@type":"ImageObject","inLanguage":"en-US","@id":"https:\/\/fcflora.ee\/en\/flora-cup-a-level-spectators\/#primaryimage","url":"https:\/\/fcflora.ee\/wp-content\/uploads\/2021\/02\/Nimetu-kujundus-2-576x1024.png","contentUrl":"https:\/\/fcflora.ee\/wp-content\/uploads\/2021\/02\/Nimetu-kujundus-2-576x1024.png"},{"@type":"BreadcrumbList","@id":"https:\/\/fcflora.ee\/en\/flora-cup-a-level-spectators\/#breadcrumb","itemListElement":[{"@type":"ListItem","position":1,"name":"Home","item":"https:\/\/fcflora.ee\/en\/avaleht\/"},{"@type":"ListItem","position":2,"name":"Spectators"}]},{"@type":"WebSite","@id":"https:\/\/fcflora.ee\/#website","url":"https:\/\/fcflora.ee\/","name":"FC Flora","description":"Ametlik koduleht","potentialAction":[{"@type":"SearchAction","target":{"@type":"EntryPoint","urlTemplate":"https:\/\/fcflora.ee\/?s={search_term_string}"},"query-input":{"@type":"PropertyValueSpecification","valueRequired":true,"valueName":"search_term_string"}}],"inLanguage":"en-US"}]}},"uagb_featured_image_src":{"full":false,"thumbnail":false,"medium":false,"medium_large":false,"large":false,"1536x1536":false,"2048x2048":false},"uagb_author_info":{"display_name":"marten","author_link":"https:\/\/fcflora.ee\/en\/author\/marten\/"},"uagb_comment_info":0,"uagb_excerpt":"Austatud pealtvaataja! Suur t\u00e4nu Sulle, et oled teinud valiku tulla oma lemmikm\u00e4ngijat turniirile toetama! Kogu turniiri v\u00e4ltel palume Sind juhinduda lihtsatest p\u00f5hit\u00f5dedest: Ole lugupidav nii oma kui vastasv\u00f5istkonna m\u00e4ngijate, treenerite ja pealtvaatajate suhtes, samuti kohtunike ja teiste turniiri l\u00e4biviimisega seotud isikute suhtes. Repliikidega nende suunal ei aita&nbsp;Sa mitte kuidagi oma lemmikut, ega tema v\u00f5istkonnakaaslasi. V\u00e4\u00e4rtusta&hellip;","_links":{"self":[{"href":"https:\/\/fcflora.ee\/en\/wp-json\/wp\/v2\/pages\/43577","targetHints":{"allow":["GET"]}}],"collection":[{"href":"https:\/\/fcflora.ee\/en\/wp-json\/wp\/v2\/pages"}],"about":[{"href":"https:\/\/fcflora.ee\/en\/wp-json\/wp\/v2\/types\/page"}],"author":[{"embeddable":true,"href":"https:\/\/fcflora.ee\/en\/wp-json\/wp\/v2\/users\/3"}],"replies":[{"embeddable":true,"href":"https:\/\/fcflora.ee\/en\/wp-json\/wp\/v2\/comments?post=43577"}],"version-history":[{"count":0,"href":"https:\/\/fcflora.ee\/en\/wp-json\/wp\/v2\/pages\/43577\/revisions"}],"wp:attachment":[{"href":"https:\/\/fcflora.ee\/en\/wp-json\/wp\/v2\/media?parent=43577"}],"wp:term":[{"taxonomy":"category","embeddable":true,"href":"https:\/\/fcflora.ee\/en\/wp-json\/wp\/v2\/categories?post=43577"}],"curies":[{"name":"wp","href":"https:\/\/api.w.org\/{rel}","templated":true}]}}