{"id":1940,"date":"2019-03-11T13:04:23","date_gmt":"2019-03-11T11:04:23","guid":{"rendered":"https:\/\/dev.octa.ee\/fcflora\/nike-cup-room-jalgpallist-kalender\/"},"modified":"2019-06-03T11:24:42","modified_gmt":"2019-06-03T08:24:42","slug":"nike-cup-b-level-teams-and-schedule","status":"publish","type":"page","link":"https:\/\/fcflora.ee\/en\/nike-cup-b-level-teams-and-schedule\/","title":{"rendered":"Teams and schedule"},"content":{"rendered":"<h4><strong><span style=\"color: #339966;\">R\u00d5\u00d5M JALGPALLIST<\/span><\/strong> turniiride toimumise kuup\u00e4evad ja muu info leiad klikkides men\u00fc\u00fcs \u201cR\u00f5\u00f5m Jalgpallist\u201d.<\/h4>\n<h4>Registreerunud v\u00f5istkondade loetelu ilmub lehele jooksvalt. Iga konkreetse turniiri m\u00e4ngude ajakava avaldame peale registreerimise l\u00f5ppemist, kuid hiljemalt n\u00e4dal enne turniiri algust. Mainitud info leiab klikkides allolevatele vanusegruppidele (hetkel on alalehed loomisel).<\/h4>\n\n<h2 class=\"wp-block-heading\">VANUSEGRUPID<\/h2>\n\n<div class=\"wp-block-columns has-4-columns is-layout-flex wp-container-core-columns-is-layout-1 wp-block-columns-is-layout-flex\">\n<div class=\"wp-block-column is-layout-flow wp-block-column-is-layout-flow\">\n<p class=\"has-large-font-size\"><strong>U16<\/strong> (2005)<\/p>\n<\/div>\n\n\n\n<div class=\"wp-block-column is-layout-flow wp-block-column-is-layout-flow\">\n<p class=\"has-large-font-size\"><strong>U15<\/strong> (2006)<\/p>\n<\/div>\n\n\n\n<div class=\"wp-block-column is-layout-flow wp-block-column-is-layout-flow\">\n<p class=\"has-large-font-size\"><strong>U14<\/strong> (2007)<\/p>\n<\/div>\n\n\n\n<div class=\"wp-block-column is-layout-flow wp-block-column-is-layout-flow\">\n<p class=\"has-large-font-size\"><strong>U13<\/strong> (2008)<\/p>\n<\/div>\n<\/div>\n\n<div class=\"wp-block-columns has-4-columns is-layout-flex wp-container-core-columns-is-layout-2 wp-block-columns-is-layout-flex\">\n<div class=\"wp-block-column is-layout-flow wp-block-column-is-layout-flow\">\n<p style=\"text-align:left\" class=\"has-large-font-size\"><strong>U12\u00a0<\/strong>(2009)<\/p>\n<\/div>\n\n\n\n<div class=\"wp-block-column is-layout-flow wp-block-column-is-layout-flow\">\n<p style=\"text-align:left\" class=\"has-large-font-size\"><strong>U11\u00a0<\/strong>(2010)<\/p>\n<\/div>\n\n\n\n<div class=\"wp-block-column is-layout-flow wp-block-column-is-layout-flow\">\n<p style=\"text-align:left\" class=\"has-large-font-size\"><strong>U10<\/strong>\u00a0(2011)<\/p>\n<\/div>\n\n\n\n<div class=\"wp-block-column is-layout-flow wp-block-column-is-layout-flow\">\n<p style=\"text-align:left\" class=\"has-large-font-size\"><strong>U9<\/strong>\u00a0(2012)<\/p>\n<\/div>\n<\/div>\n\n<div class=\"wp-block-columns has-4-columns is-layout-flex wp-container-core-columns-is-layout-3 wp-block-columns-is-layout-flex\">\n<div class=\"wp-block-column is-layout-flow wp-block-column-is-layout-flow\">\n<p style=\"text-align:left\" class=\"has-large-font-size\"><\/p>\n<\/div>\n\n\n\n<div class=\"wp-block-column is-layout-flow wp-block-column-is-layout-flow\">\n<p style=\"text-align:left\" class=\"has-large-font-size\"><strong>Lapsevanemad<\/strong><\/p>\n<\/div>\n\n\n\n<div class=\"wp-block-column is-layout-flow wp-block-column-is-layout-flow\">\n<p style=\"text-align:left\" class=\"has-large-font-size\"><\/p>\n<\/div>\n\n\n\n<div class=\"wp-block-column is-layout-flow wp-block-column-is-layout-flow\">\n<p style=\"text-align:left\" class=\"has-large-font-size\"><\/p>\n<\/div>\n<\/div>\n","protected":false},"excerpt":{"rendered":"<p>R\u00d5\u00d5M JALGPALLIST turniiride toimumise kuup\u00e4evad ja muu info leiad klikkides men\u00fc\u00fcs \u201cR\u00f5\u00f5m Jalgpallist\u201d. Registreerunud v\u00f5istkondade loetelu ilmub lehele jooksvalt. Iga konkreetse turniiri m\u00e4ngude ajakava avaldame peale registreerimise l\u00f5ppemist, kuid hiljemalt n\u00e4dal enne turniiri algust. Mainitud info leiab klikkides allolevatele vanusegruppidele (hetkel on alalehed loomisel). VANUSEGRUPID U16 (2005) U15 (2006) U14 (2007) U13 (2008) U12\u00a0(2009) U11\u00a0(2010) [&hellip;]<\/p>\n","protected":false},"author":5,"featured_media":0,"parent":0,"menu_order":0,"comment_status":"closed","ping_status":"closed","template":"","meta":{"_acf_changed":false,"_uag_custom_page_level_css":"","_exactmetrics_skip_tracking":false,"_exactmetrics_sitenote_active":false,"_exactmetrics_sitenote_note":"","_exactmetrics_sitenote_category":0,"footnotes":""},"categories":[17349,17319],"class_list":["post-1940","page","type-page","status-publish","hentry","category-flora-nike-cup-en-2","category-flora-nike-cup-en"],"acf":[],"yoast_head":"<!-- This site is optimized with the Yoast SEO plugin v24.0 - https:\/\/yoast.com\/wordpress\/plugins\/seo\/ -->\n<title>Teams and schedule &#8211; FC Flora<\/title>\n<meta name=\"robots\" content=\"index, follow, max-snippet:-1, max-image-preview:large, max-video-preview:-1\" \/>\n<link rel=\"canonical\" href=\"https:\/\/fcflora.ee\/en\/nike-cup-b-level-teams-and-schedule\/\" \/>\n<meta property=\"og:locale\" content=\"en_US\" \/>\n<meta property=\"og:type\" content=\"article\" \/>\n<meta property=\"og:title\" content=\"Teams and schedule &#8211; FC Flora\" \/>\n<meta property=\"og:description\" content=\"R\u00d5\u00d5M JALGPALLIST turniiride toimumise kuup\u00e4evad ja muu info leiad klikkides men\u00fc\u00fcs \u201cR\u00f5\u00f5m Jalgpallist\u201d. Registreerunud v\u00f5istkondade loetelu ilmub lehele jooksvalt. Iga konkreetse turniiri m\u00e4ngude ajakava avaldame peale registreerimise l\u00f5ppemist, kuid hiljemalt n\u00e4dal enne turniiri algust. Mainitud info leiab klikkides allolevatele vanusegruppidele (hetkel on alalehed loomisel). VANUSEGRUPID U16 (2005) U15 (2006) U14 (2007) U13 (2008) U12\u00a0(2009) U11\u00a0(2010) [&hellip;]\" \/>\n<meta property=\"og:url\" content=\"https:\/\/fcflora.ee\/en\/nike-cup-b-level-teams-and-schedule\/\" \/>\n<meta property=\"og:site_name\" content=\"FC Flora\" \/>\n<meta property=\"article:modified_time\" content=\"2019-06-03T08:24:42+00:00\" \/>\n<meta name=\"twitter:card\" content=\"summary_large_image\" \/>\n<script type=\"application\/ld+json\" class=\"yoast-schema-graph\">{\"@context\":\"https:\/\/schema.org\",\"@graph\":[{\"@type\":\"WebPage\",\"@id\":\"https:\/\/fcflora.ee\/en\/nike-cup-b-level-teams-and-schedule\/\",\"url\":\"https:\/\/fcflora.ee\/en\/nike-cup-b-level-teams-and-schedule\/\",\"name\":\"Teams and schedule &#8211; FC Flora\",\"isPartOf\":{\"@id\":\"https:\/\/fcflora.ee\/#website\"},\"datePublished\":\"2019-03-11T11:04:23+00:00\",\"dateModified\":\"2019-06-03T08:24:42+00:00\",\"breadcrumb\":{\"@id\":\"https:\/\/fcflora.ee\/en\/nike-cup-b-level-teams-and-schedule\/#breadcrumb\"},\"inLanguage\":\"en-US\",\"potentialAction\":[{\"@type\":\"ReadAction\",\"target\":[\"https:\/\/fcflora.ee\/en\/nike-cup-b-level-teams-and-schedule\/\"]}]},{\"@type\":\"BreadcrumbList\",\"@id\":\"https:\/\/fcflora.ee\/en\/nike-cup-b-level-teams-and-schedule\/#breadcrumb\",\"itemListElement\":[{\"@type\":\"ListItem\",\"position\":1,\"name\":\"Home\",\"item\":\"https:\/\/fcflora.ee\/en\/avaleht\/\"},{\"@type\":\"ListItem\",\"position\":2,\"name\":\"Teams and schedule\"}]},{\"@type\":\"WebSite\",\"@id\":\"https:\/\/fcflora.ee\/#website\",\"url\":\"https:\/\/fcflora.ee\/\",\"name\":\"FC Flora\",\"description\":\"Ametlik koduleht\",\"potentialAction\":[{\"@type\":\"SearchAction\",\"target\":{\"@type\":\"EntryPoint\",\"urlTemplate\":\"https:\/\/fcflora.ee\/?s={search_term_string}\"},\"query-input\":{\"@type\":\"PropertyValueSpecification\",\"valueRequired\":true,\"valueName\":\"search_term_string\"}}],\"inLanguage\":\"en-US\"}]}<\/script>\n<!-- \/ Yoast SEO plugin. -->","yoast_head_json":{"title":"Teams and schedule &#8211; FC Flora","robots":{"index":"index","follow":"follow","max-snippet":"max-snippet:-1","max-image-preview":"max-image-preview:large","max-video-preview":"max-video-preview:-1"},"canonical":"https:\/\/fcflora.ee\/en\/nike-cup-b-level-teams-and-schedule\/","og_locale":"en_US","og_type":"article","og_title":"Teams and schedule &#8211; FC Flora","og_description":"R\u00d5\u00d5M JALGPALLIST turniiride toimumise kuup\u00e4evad ja muu info leiad klikkides men\u00fc\u00fcs \u201cR\u00f5\u00f5m Jalgpallist\u201d. Registreerunud v\u00f5istkondade loetelu ilmub lehele jooksvalt. Iga konkreetse turniiri m\u00e4ngude ajakava avaldame peale registreerimise l\u00f5ppemist, kuid hiljemalt n\u00e4dal enne turniiri algust. Mainitud info leiab klikkides allolevatele vanusegruppidele (hetkel on alalehed loomisel). VANUSEGRUPID U16 (2005) U15 (2006) U14 (2007) U13 (2008) U12\u00a0(2009) U11\u00a0(2010) [&hellip;]","og_url":"https:\/\/fcflora.ee\/en\/nike-cup-b-level-teams-and-schedule\/","og_site_name":"FC Flora","article_modified_time":"2019-06-03T08:24:42+00:00","twitter_card":"summary_large_image","schema":{"@context":"https:\/\/schema.org","@graph":[{"@type":"WebPage","@id":"https:\/\/fcflora.ee\/en\/nike-cup-b-level-teams-and-schedule\/","url":"https:\/\/fcflora.ee\/en\/nike-cup-b-level-teams-and-schedule\/","name":"Teams and schedule &#8211; FC Flora","isPartOf":{"@id":"https:\/\/fcflora.ee\/#website"},"datePublished":"2019-03-11T11:04:23+00:00","dateModified":"2019-06-03T08:24:42+00:00","breadcrumb":{"@id":"https:\/\/fcflora.ee\/en\/nike-cup-b-level-teams-and-schedule\/#breadcrumb"},"inLanguage":"en-US","potentialAction":[{"@type":"ReadAction","target":["https:\/\/fcflora.ee\/en\/nike-cup-b-level-teams-and-schedule\/"]}]},{"@type":"BreadcrumbList","@id":"https:\/\/fcflora.ee\/en\/nike-cup-b-level-teams-and-schedule\/#breadcrumb","itemListElement":[{"@type":"ListItem","position":1,"name":"Home","item":"https:\/\/fcflora.ee\/en\/avaleht\/"},{"@type":"ListItem","position":2,"name":"Teams and schedule"}]},{"@type":"WebSite","@id":"https:\/\/fcflora.ee\/#website","url":"https:\/\/fcflora.ee\/","name":"FC Flora","description":"Ametlik koduleht","potentialAction":[{"@type":"SearchAction","target":{"@type":"EntryPoint","urlTemplate":"https:\/\/fcflora.ee\/?s={search_term_string}"},"query-input":{"@type":"PropertyValueSpecification","valueRequired":true,"valueName":"search_term_string"}}],"inLanguage":"en-US"}]}},"uagb_featured_image_src":{"full":false,"thumbnail":false,"medium":false,"medium_large":false,"large":false,"1536x1536":false,"2048x2048":false},"uagb_author_info":{"display_name":"Lauri Sibul","author_link":"https:\/\/fcflora.ee\/en\/author\/lauri\/"},"uagb_comment_info":0,"uagb_excerpt":"R\u00d5\u00d5M JALGPALLIST turniiride toimumise kuup\u00e4evad ja muu info leiad klikkides men\u00fc\u00fcs \u201cR\u00f5\u00f5m Jalgpallist\u201d. Registreerunud v\u00f5istkondade loetelu ilmub lehele jooksvalt. Iga konkreetse turniiri m\u00e4ngude ajakava avaldame peale registreerimise l\u00f5ppemist, kuid hiljemalt n\u00e4dal enne turniiri algust. Mainitud info leiab klikkides allolevatele vanusegruppidele (hetkel on alalehed loomisel). VANUSEGRUPID U16 (2005) U15 (2006) U14 (2007) U13 (2008) U12\u00a0(2009) U11\u00a0(2010)&hellip;","_links":{"self":[{"href":"https:\/\/fcflora.ee\/en\/wp-json\/wp\/v2\/pages\/1940","targetHints":{"allow":["GET"]}}],"collection":[{"href":"https:\/\/fcflora.ee\/en\/wp-json\/wp\/v2\/pages"}],"about":[{"href":"https:\/\/fcflora.ee\/en\/wp-json\/wp\/v2\/types\/page"}],"author":[{"embeddable":true,"href":"https:\/\/fcflora.ee\/en\/wp-json\/wp\/v2\/users\/5"}],"replies":[{"embeddable":true,"href":"https:\/\/fcflora.ee\/en\/wp-json\/wp\/v2\/comments?post=1940"}],"version-history":[{"count":0,"href":"https:\/\/fcflora.ee\/en\/wp-json\/wp\/v2\/pages\/1940\/revisions"}],"wp:attachment":[{"href":"https:\/\/fcflora.ee\/en\/wp-json\/wp\/v2\/media?parent=1940"}],"wp:term":[{"taxonomy":"category","embeddable":true,"href":"https:\/\/fcflora.ee\/en\/wp-json\/wp\/v2\/categories?post=1940"}],"curies":[{"name":"wp","href":"https:\/\/api.w.org\/{rel}","templated":true}]}}