{"id":1892,"date":"2019-03-11T12:54:32","date_gmt":"2019-03-11T10:54:32","guid":{"rendered":"https:\/\/dev.octa.ee\/fcflora\/klubi-vabad-tookohad\/"},"modified":"2023-03-08T11:36:30","modified_gmt":"2023-03-08T09:36:30","slug":"klubi-vabad-tookohad","status":"publish","type":"page","link":"https:\/\/fcflora.ee\/en\/klubi-vabad-tookohad\/","title":{"rendered":"Vabad t\u00f6\u00f6kohad"},"content":{"rendered":"\n<div class=\"wp-block-columns is-layout-flex wp-container-core-columns-is-layout-2 wp-block-columns-is-layout-flex\">\n<div class=\"wp-block-column is-layout-flow wp-block-column-is-layout-flow\" style=\"flex-basis:100%\">\n<p><\/p>\n\n\n<div class=\"wp-block-image\">\n<figure class=\"aligncenter size-full\"><img loading=\"lazy\" decoding=\"async\" width=\"2560\" height=\"632\" src=\"https:\/\/fcflora.ee\/wp-content\/uploads\/2021\/09\/51508490769_8d76cc9c9a_o-scaled.jpg\" alt=\"\" class=\"wp-image-46506\" srcset=\"https:\/\/fcflora.ee\/wp-content\/uploads\/2021\/09\/51508490769_8d76cc9c9a_o-scaled.jpg 2560w, https:\/\/fcflora.ee\/wp-content\/uploads\/2021\/09\/51508490769_8d76cc9c9a_o-300x74.jpg 300w, https:\/\/fcflora.ee\/wp-content\/uploads\/2021\/09\/51508490769_8d76cc9c9a_o-1024x253.jpg 1024w, https:\/\/fcflora.ee\/wp-content\/uploads\/2021\/09\/51508490769_8d76cc9c9a_o-768x190.jpg 768w, https:\/\/fcflora.ee\/wp-content\/uploads\/2021\/09\/51508490769_8d76cc9c9a_o-1536x379.jpg 1536w, https:\/\/fcflora.ee\/wp-content\/uploads\/2021\/09\/51508490769_8d76cc9c9a_o-2048x505.jpg 2048w, https:\/\/fcflora.ee\/wp-content\/uploads\/2021\/09\/51508490769_8d76cc9c9a_o-600x148.jpg 600w\" sizes=\"auto, (max-width: 2560px) 100vw, 2560px\" \/><\/figure><\/div>\n\n\n<div style=\"height:35px\" aria-hidden=\"true\" class=\"wp-block-spacer\"><\/div>\n\n\n\n<div class=\"wp-block-columns is-layout-flex wp-container-core-columns-is-layout-1 wp-block-columns-is-layout-flex\">\n<div class=\"wp-block-column is-layout-flow wp-block-column-is-layout-flow\" style=\"flex-basis:50%\">\n<div class=\"wp-block-cover is-light\"><span aria-hidden=\"true\" class=\"wp-block-cover__background has-background-dim\"><\/span><img loading=\"lazy\" decoding=\"async\" width=\"512\" height=\"512\" class=\"wp-block-cover__image-background wp-image-36415\" alt=\"\" src=\"https:\/\/fcflora.ee\/wp-content\/uploads\/2020\/03\/cropped-512x512.jpg\" data-object-fit=\"cover\" srcset=\"https:\/\/fcflora.ee\/wp-content\/uploads\/2020\/03\/cropped-512x512.jpg 512w, https:\/\/fcflora.ee\/wp-content\/uploads\/2020\/03\/cropped-512x512-150x150.jpg 150w, https:\/\/fcflora.ee\/wp-content\/uploads\/2020\/03\/cropped-512x512-300x300.jpg 300w, https:\/\/fcflora.ee\/wp-content\/uploads\/2020\/03\/cropped-512x512-100x100.jpg 100w, https:\/\/fcflora.ee\/wp-content\/uploads\/2020\/03\/cropped-512x512-270x270.jpg 270w, https:\/\/fcflora.ee\/wp-content\/uploads\/2020\/03\/cropped-512x512-192x192.jpg 192w, https:\/\/fcflora.ee\/wp-content\/uploads\/2020\/03\/cropped-512x512-180x180.jpg 180w, https:\/\/fcflora.ee\/wp-content\/uploads\/2020\/03\/cropped-512x512-32x32.jpg 32w\" sizes=\"auto, (max-width: 512px) 100vw, 512px\" \/><div class=\"wp-block-cover__inner-container is-layout-flow wp-block-cover-is-layout-flow\">\n<p class=\"has-text-align-center has-white-color has-text-color has-large-font-size\"><strong><a href=\"https:\/\/fcflora.ee\/noortetreener\/\">NOORTETREENER<\/a><\/strong><\/p>\n<\/div><\/div>\n<\/div>\n\n\n\n<div class=\"wp-block-column is-layout-flow wp-block-column-is-layout-flow\" style=\"flex-basis:50%\"><\/div>\n<\/div>\n<\/div>\n<\/div>\n\n\n\n<div class=\"wp-block-columns is-layout-flex wp-container-core-columns-is-layout-3 wp-block-columns-is-layout-flex\">\n<div class=\"wp-block-column is-layout-flow wp-block-column-is-layout-flow\"><\/div>\n\n\n\n<div class=\"wp-block-column is-layout-flow wp-block-column-is-layout-flow\"><\/div>\n<\/div>\n\n\n\n<div style=\"height:35px\" aria-hidden=\"true\" class=\"wp-block-spacer\"><\/div>\n\n\n\n<p class=\"has-text-align-center has-medium-font-size\">Kui arvad, et v\u00f5iksid meile mingil viisil kasulik olla, kirjuta <a href=\"mailto:fcflora@fcflora.ee\">fcflora@fcflora.ee<\/a><\/p>\n\n\n\n<p><\/p>\n","protected":false},"excerpt":{"rendered":"<p>Kui arvad, et v\u00f5iksid meile mingil viisil kasulik olla, kirjuta fcflora@fcflora.ee<\/p>\n","protected":false},"author":5,"featured_media":0,"parent":0,"menu_order":0,"comment_status":"closed","ping_status":"closed","template":"","meta":{"_acf_changed":false,"_uag_custom_page_level_css":"","_exactmetrics_skip_tracking":false,"_exactmetrics_sitenote_active":false,"_exactmetrics_sitenote_note":"","_exactmetrics_sitenote_category":0,"footnotes":""},"categories":[17186],"class_list":["post-1892","page","type-page","status-publish","hentry","category-club"],"acf":[],"yoast_head":"<!-- This site is optimized with the Yoast SEO plugin v24.0 - https:\/\/yoast.com\/wordpress\/plugins\/seo\/ -->\n<title>Vabad t\u00f6\u00f6kohad &#8211; FC Flora<\/title>\n<meta name=\"robots\" content=\"index, follow, max-snippet:-1, max-image-preview:large, max-video-preview:-1\" \/>\n<link rel=\"canonical\" href=\"https:\/\/fcflora.ee\/en\/klubi-vabad-tookohad\/\" \/>\n<meta property=\"og:locale\" content=\"en_US\" \/>\n<meta property=\"og:type\" content=\"article\" \/>\n<meta property=\"og:title\" content=\"Vabad t\u00f6\u00f6kohad &#8211; FC Flora\" \/>\n<meta property=\"og:description\" content=\"Kui arvad, et v\u00f5iksid meile mingil viisil kasulik olla, kirjuta fcflora@fcflora.ee\" \/>\n<meta property=\"og:url\" content=\"https:\/\/fcflora.ee\/en\/klubi-vabad-tookohad\/\" \/>\n<meta property=\"og:site_name\" content=\"FC Flora\" \/>\n<meta property=\"article:modified_time\" content=\"2023-03-08T09:36:30+00:00\" \/>\n<meta property=\"og:image\" content=\"https:\/\/fcflora.ee\/wp-content\/uploads\/2021\/09\/51508490769_8d76cc9c9a_o-scaled.jpg\" \/>\n<meta name=\"twitter:card\" content=\"summary_large_image\" \/>\n<script type=\"application\/ld+json\" class=\"yoast-schema-graph\">{\"@context\":\"https:\/\/schema.org\",\"@graph\":[{\"@type\":\"WebPage\",\"@id\":\"https:\/\/fcflora.ee\/en\/klubi-vabad-tookohad\/\",\"url\":\"https:\/\/fcflora.ee\/en\/klubi-vabad-tookohad\/\",\"name\":\"Vabad t\u00f6\u00f6kohad &#8211; FC Flora\",\"isPartOf\":{\"@id\":\"https:\/\/fcflora.ee\/#website\"},\"primaryImageOfPage\":{\"@id\":\"https:\/\/fcflora.ee\/en\/klubi-vabad-tookohad\/#primaryimage\"},\"image\":{\"@id\":\"https:\/\/fcflora.ee\/en\/klubi-vabad-tookohad\/#primaryimage\"},\"thumbnailUrl\":\"https:\/\/fcflora.ee\/wp-content\/uploads\/2021\/09\/51508490769_8d76cc9c9a_o-scaled.jpg\",\"datePublished\":\"2019-03-11T10:54:32+00:00\",\"dateModified\":\"2023-03-08T09:36:30+00:00\",\"breadcrumb\":{\"@id\":\"https:\/\/fcflora.ee\/en\/klubi-vabad-tookohad\/#breadcrumb\"},\"inLanguage\":\"en-US\",\"potentialAction\":[{\"@type\":\"ReadAction\",\"target\":[\"https:\/\/fcflora.ee\/en\/klubi-vabad-tookohad\/\"]}]},{\"@type\":\"ImageObject\",\"inLanguage\":\"en-US\",\"@id\":\"https:\/\/fcflora.ee\/en\/klubi-vabad-tookohad\/#primaryimage\",\"url\":\"https:\/\/fcflora.ee\/wp-content\/uploads\/2021\/09\/51508490769_8d76cc9c9a_o-scaled.jpg\",\"contentUrl\":\"https:\/\/fcflora.ee\/wp-content\/uploads\/2021\/09\/51508490769_8d76cc9c9a_o-scaled.jpg\"},{\"@type\":\"BreadcrumbList\",\"@id\":\"https:\/\/fcflora.ee\/en\/klubi-vabad-tookohad\/#breadcrumb\",\"itemListElement\":[{\"@type\":\"ListItem\",\"position\":1,\"name\":\"Home\",\"item\":\"https:\/\/fcflora.ee\/en\/avaleht\/\"},{\"@type\":\"ListItem\",\"position\":2,\"name\":\"Vabad t\u00f6\u00f6kohad\"}]},{\"@type\":\"WebSite\",\"@id\":\"https:\/\/fcflora.ee\/#website\",\"url\":\"https:\/\/fcflora.ee\/\",\"name\":\"FC Flora\",\"description\":\"Ametlik koduleht\",\"potentialAction\":[{\"@type\":\"SearchAction\",\"target\":{\"@type\":\"EntryPoint\",\"urlTemplate\":\"https:\/\/fcflora.ee\/?s={search_term_string}\"},\"query-input\":{\"@type\":\"PropertyValueSpecification\",\"valueRequired\":true,\"valueName\":\"search_term_string\"}}],\"inLanguage\":\"en-US\"}]}<\/script>\n<!-- \/ Yoast SEO plugin. -->","yoast_head_json":{"title":"Vabad t\u00f6\u00f6kohad &#8211; FC Flora","robots":{"index":"index","follow":"follow","max-snippet":"max-snippet:-1","max-image-preview":"max-image-preview:large","max-video-preview":"max-video-preview:-1"},"canonical":"https:\/\/fcflora.ee\/en\/klubi-vabad-tookohad\/","og_locale":"en_US","og_type":"article","og_title":"Vabad t\u00f6\u00f6kohad &#8211; FC Flora","og_description":"Kui arvad, et v\u00f5iksid meile mingil viisil kasulik olla, kirjuta fcflora@fcflora.ee","og_url":"https:\/\/fcflora.ee\/en\/klubi-vabad-tookohad\/","og_site_name":"FC Flora","article_modified_time":"2023-03-08T09:36:30+00:00","og_image":[{"url":"https:\/\/fcflora.ee\/wp-content\/uploads\/2021\/09\/51508490769_8d76cc9c9a_o-scaled.jpg","type":"","width":"","height":""}],"twitter_card":"summary_large_image","schema":{"@context":"https:\/\/schema.org","@graph":[{"@type":"WebPage","@id":"https:\/\/fcflora.ee\/en\/klubi-vabad-tookohad\/","url":"https:\/\/fcflora.ee\/en\/klubi-vabad-tookohad\/","name":"Vabad t\u00f6\u00f6kohad &#8211; FC Flora","isPartOf":{"@id":"https:\/\/fcflora.ee\/#website"},"primaryImageOfPage":{"@id":"https:\/\/fcflora.ee\/en\/klubi-vabad-tookohad\/#primaryimage"},"image":{"@id":"https:\/\/fcflora.ee\/en\/klubi-vabad-tookohad\/#primaryimage"},"thumbnailUrl":"https:\/\/fcflora.ee\/wp-content\/uploads\/2021\/09\/51508490769_8d76cc9c9a_o-scaled.jpg","datePublished":"2019-03-11T10:54:32+00:00","dateModified":"2023-03-08T09:36:30+00:00","breadcrumb":{"@id":"https:\/\/fcflora.ee\/en\/klubi-vabad-tookohad\/#breadcrumb"},"inLanguage":"en-US","potentialAction":[{"@type":"ReadAction","target":["https:\/\/fcflora.ee\/en\/klubi-vabad-tookohad\/"]}]},{"@type":"ImageObject","inLanguage":"en-US","@id":"https:\/\/fcflora.ee\/en\/klubi-vabad-tookohad\/#primaryimage","url":"https:\/\/fcflora.ee\/wp-content\/uploads\/2021\/09\/51508490769_8d76cc9c9a_o-scaled.jpg","contentUrl":"https:\/\/fcflora.ee\/wp-content\/uploads\/2021\/09\/51508490769_8d76cc9c9a_o-scaled.jpg"},{"@type":"BreadcrumbList","@id":"https:\/\/fcflora.ee\/en\/klubi-vabad-tookohad\/#breadcrumb","itemListElement":[{"@type":"ListItem","position":1,"name":"Home","item":"https:\/\/fcflora.ee\/en\/avaleht\/"},{"@type":"ListItem","position":2,"name":"Vabad t\u00f6\u00f6kohad"}]},{"@type":"WebSite","@id":"https:\/\/fcflora.ee\/#website","url":"https:\/\/fcflora.ee\/","name":"FC Flora","description":"Ametlik koduleht","potentialAction":[{"@type":"SearchAction","target":{"@type":"EntryPoint","urlTemplate":"https:\/\/fcflora.ee\/?s={search_term_string}"},"query-input":{"@type":"PropertyValueSpecification","valueRequired":true,"valueName":"search_term_string"}}],"inLanguage":"en-US"}]}},"uagb_featured_image_src":{"full":false,"thumbnail":false,"medium":false,"medium_large":false,"large":false,"1536x1536":false,"2048x2048":false},"uagb_author_info":{"display_name":"Lauri Sibul","author_link":"https:\/\/fcflora.ee\/en\/author\/lauri\/"},"uagb_comment_info":0,"uagb_excerpt":"Kui arvad, et v\u00f5iksid meile mingil viisil kasulik olla, kirjuta fcflora@fcflora.ee","_links":{"self":[{"href":"https:\/\/fcflora.ee\/en\/wp-json\/wp\/v2\/pages\/1892","targetHints":{"allow":["GET"]}}],"collection":[{"href":"https:\/\/fcflora.ee\/en\/wp-json\/wp\/v2\/pages"}],"about":[{"href":"https:\/\/fcflora.ee\/en\/wp-json\/wp\/v2\/types\/page"}],"author":[{"embeddable":true,"href":"https:\/\/fcflora.ee\/en\/wp-json\/wp\/v2\/users\/5"}],"replies":[{"embeddable":true,"href":"https:\/\/fcflora.ee\/en\/wp-json\/wp\/v2\/comments?post=1892"}],"version-history":[{"count":0,"href":"https:\/\/fcflora.ee\/en\/wp-json\/wp\/v2\/pages\/1892\/revisions"}],"wp:attachment":[{"href":"https:\/\/fcflora.ee\/en\/wp-json\/wp\/v2\/media?parent=1892"}],"wp:term":[{"taxonomy":"category","embeddable":true,"href":"https:\/\/fcflora.ee\/en\/wp-json\/wp\/v2\/categories?post=1892"}],"curies":[{"name":"wp","href":"https:\/\/api.w.org\/{rel}","templated":true}]}}