{"id":1889,"date":"2019-03-11T12:54:15","date_gmt":"2019-03-11T10:54:15","guid":{"rendered":"https:\/\/dev.octa.ee\/fcflora\/klubi-isikuandmete-kaitse\/"},"modified":"2019-04-08T11:41:33","modified_gmt":"2019-04-08T08:41:33","slug":"klubi-isikuandmete-kaitse","status":"publish","type":"page","link":"https:\/\/fcflora.ee\/en\/klubi-isikuandmete-kaitse\/","title":{"rendered":"Isikuandmete kaitse"},"content":{"rendered":"\n<h4 class=\"wp-block-heading\"><strong>ISIKUANDMETE KAITSE JA NENDE T\u00d6\u00d6TLEMINE MT\u00dc Jalgpalliklubi FCF-s ja MT\u00dc Jalgpalliklubi FCF Jalgpallikoolis<\/strong><\/h4>\n\n\n\n<p>MT\u00dc Jalgpalliklubi FCF (edaspidi FCF) ja MT\u00dc Jalgpalliklubi FCF Jalgpallikool (edaspidi FCF JK) suurimaks v\u00e4\u00e4rtuseks on klubi Noorliikmete rahulolu. Oma Noorliikmete ja nende seaduslike esindajate (edaspidi Esindaja) parimaks teenindamiseks ja k\u00f5igi lepinguliste suhete korrektseks t\u00e4itmiseks kogub ja s\u00e4ilitab<br>FCF ja FCF JK oma Noorliikmete ja nende Esindajate andmeid &nbsp;<a href=\"http:\/\/fcflora.ee\/klubist\/isikuandmete-kaitse\/noorliikmete-andmete-tootlemise-pohimotted\/\" class=\"broken_link\"><strong>Noorliikmete andmete T\u00f6\u00f6tlemise P\u00f5him\u00f5tete<\/strong><\/a>&nbsp;j\u00e4rgi.<\/p>\n\n\n\n<p><strong>Siinkohal toome v\u00e4lja olulisemad punktid:<\/strong><\/p>\n\n\n\n<ul class=\"wp-block-list\"><li>FCF ja FCF JK hoiab talle teatavaks tehtud isikuandmeid rangelt konfidentsiaalsetena ning kaitseb Noorliikmete ja nende Esindajate isikuandmeid ebaseaduslikult kolmandate isikute k\u00e4tte sattumise eest.<\/li><li>FCF ja FCF JK hoiab tema k\u00e4tte usaldatud isikuandmeid igasuguse \u00f5igustamatu kasutamise eest. Isikuandmete t\u00f6\u00f6tlemisel l\u00e4htub FCF ja FCF JK seadusest ning isikute andmeid kogutakse ulatuses, mis on vajalikud FCF ja FCF JK teenuste osutamiseks ning Noorliikmete ja nende Esindajate parimaks teenindamiseks.<\/li><li>FCF ja FCF JK ei v\u00e4ljasta isikuandmeid teistele isikutele, v\u00e4lja arvatud juhul, kui:<\/li><li>andmete v\u00e4ljastamise vajalikkus tekib seoses FCF ja FCF JK teenuse osutamisest (nt spordiklubide tarkvarateenuse pakkuja, spordikaupade pakkuja vms);<\/li><li>kui kohustus tuleneb seadusest;<\/li><li>kui klubi Noorliige ja\/v\u00f5i tema Esindaja ise on andnud loa oma andmete v\u00e4ljastamiseks;<\/li><li>kui andmed on vaja v\u00e4ljastada olukorras, kus FCF v\u00f5i FCF JK Noorliige v\u00f5i tema Esindaja on m\u00f5lemapoolset lepingut rikkunud.<\/li><li>FCF ja FCF JK v\u00f5ib oma Noorliikmetele ja nende Esindajatele saata reklaampakkumisi enda v\u00f5i oma koost\u00f6\u00f6partnerite teenuste osas, kui klubi Noorliige ja\/v\u00f5i tema Esindaja on selleks n\u00f5usoleku andnud. Klubi Noorliikmel ja\/v\u00f5i tema Esindajal on igal ajal \u00f5igus keelduda eelnimetatud pakkumiste saatmisest teatades sellest FCFi, e-maili aadressil&nbsp;<strong>fcflora@fcflora.ee<\/strong>.<\/li><li>Klubi Noorliikmel ja\/v\u00f5i tema Esindajal on \u00f5igus igal ajal oma n\u00f5usolek tagasi v\u00f5tta ja n\u00f5uda oma andmete kustutamist FCF v\u00f5i FCF JK andmebaasist teatades sellest e-posti aadressil&nbsp;<strong>fcflora@fcflora.ee<\/strong>.<\/li><li>FCF ja FCF JK t\u00f6\u00f6tajad on teadlikud isikuandmete kaitse p\u00f5him\u00f5tetest ning nende saladuses hoidmise kohustusest ning vastutavad eeltoodud kohustuste rikkumise eest.<\/li><li>FCF ja FCF JK s\u00e4ilitab isikuandmeid oma andmebaasides. FCF v\u00f5i FCF JK Noorliikmeks astudes edastab FCF v\u00f5i FCF JK uue Noorliikme ja tema seadusliku Esindaja andmed Sportlyzer programmi, milleks Noorliige ja\/v\u00f5i tema Esindaja kirjaliku n\u00f5usoleku annab.<\/li><li>Sportlyzer, kui FCF ja FCF JK poolt m\u00e4\u00e4ratud andmete volitatud t\u00f6\u00f6tleja t\u00f6\u00f6tleb tema kasutusse antud isikuandmeid vastavalt Sportlyzer&nbsp;<a href=\"https:\/\/www.sportlyzer.com\/et\/tos?utm_campaign=uuendasime_kasutustingimusi_ja_privaatsuspoliikat&amp;utm_source=newsletter&amp;utm_medium=email\">kasutustingimustele<\/a>&nbsp;ja&nbsp;<a href=\"https:\/\/www.sportlyzer.com\/et\/privacy?utm_campaign=uuendasime_kasutustingimusi_ja_privaatsuspoliikat&amp;utm_source=newsletter&amp;utm_medium=email\">privaatuspoliitikale<\/a>.<\/li><li>Noorliikmel ja tema Esindajal on igal ajal \u00f5igus p\u00e4\u00e4seda ligi oma isikuandmetele ning teda puudutavale informatsioonile. Lisaks on igal Noorliikmel ja Esindajal \u00f5igus n\u00f5uda paranduste tegemist oma isikuandmetes, kui andmed on muutunud v\u00f5i muul p\u00f5hjusel ebat\u00e4psed.<\/li><li>FCFi ja FCF JK poolt t\u00f6\u00f6deldavad isikuandmed on: Liikme ees- ja perekonnanimi, isikukood, telefoninumber, e-postiaadress, arveldusarve number.<\/li><\/ul>\n","protected":false},"excerpt":{"rendered":"<p>ISIKUANDMETE KAITSE JA NENDE T\u00d6\u00d6TLEMINE MT\u00dc Jalgpalliklubi FCF-s ja MT\u00dc Jalgpalliklubi FCF Jalgpallikoolis MT\u00dc Jalgpalliklubi FCF (edaspidi FCF) ja MT\u00dc Jalgpalliklubi FCF Jalgpallikool (edaspidi FCF JK) suurimaks v\u00e4\u00e4rtuseks on klubi Noorliikmete rahulolu. Oma Noorliikmete ja nende seaduslike esindajate (edaspidi Esindaja) parimaks teenindamiseks ja k\u00f5igi lepinguliste suhete korrektseks t\u00e4itmiseks kogub ja s\u00e4ilitabFCF ja FCF JK oma [&hellip;]<\/p>\n","protected":false},"author":5,"featured_media":0,"parent":0,"menu_order":0,"comment_status":"closed","ping_status":"closed","template":"","meta":{"_acf_changed":false,"_uag_custom_page_level_css":"","_exactmetrics_skip_tracking":false,"_exactmetrics_sitenote_active":false,"_exactmetrics_sitenote_note":"","_exactmetrics_sitenote_category":0,"footnotes":""},"categories":[17186],"class_list":["post-1889","page","type-page","status-publish","hentry","category-club"],"acf":[],"yoast_head":"<!-- This site is optimized with the Yoast SEO plugin v24.0 - https:\/\/yoast.com\/wordpress\/plugins\/seo\/ -->\n<title>Isikuandmete kaitse &#8211; FC Flora<\/title>\n<meta name=\"robots\" content=\"index, follow, max-snippet:-1, max-image-preview:large, max-video-preview:-1\" \/>\n<link rel=\"canonical\" href=\"https:\/\/fcflora.ee\/en\/klubi-isikuandmete-kaitse\/\" \/>\n<meta property=\"og:locale\" content=\"en_US\" \/>\n<meta property=\"og:type\" content=\"article\" \/>\n<meta property=\"og:title\" content=\"Isikuandmete kaitse &#8211; FC Flora\" \/>\n<meta property=\"og:description\" content=\"ISIKUANDMETE KAITSE JA NENDE T\u00d6\u00d6TLEMINE MT\u00dc Jalgpalliklubi FCF-s ja MT\u00dc Jalgpalliklubi FCF Jalgpallikoolis MT\u00dc Jalgpalliklubi FCF (edaspidi FCF) ja MT\u00dc Jalgpalliklubi FCF Jalgpallikool (edaspidi FCF JK) suurimaks v\u00e4\u00e4rtuseks on klubi Noorliikmete rahulolu. Oma Noorliikmete ja nende seaduslike esindajate (edaspidi Esindaja) parimaks teenindamiseks ja k\u00f5igi lepinguliste suhete korrektseks t\u00e4itmiseks kogub ja s\u00e4ilitabFCF ja FCF JK oma [&hellip;]\" \/>\n<meta property=\"og:url\" content=\"https:\/\/fcflora.ee\/en\/klubi-isikuandmete-kaitse\/\" \/>\n<meta property=\"og:site_name\" content=\"FC Flora\" \/>\n<meta property=\"article:modified_time\" content=\"2019-04-08T08:41:33+00:00\" \/>\n<meta name=\"twitter:card\" content=\"summary_large_image\" \/>\n<meta name=\"twitter:label1\" content=\"Est. reading time\" \/>\n\t<meta name=\"twitter:data1\" content=\"2 minutes\" \/>\n<script type=\"application\/ld+json\" class=\"yoast-schema-graph\">{\"@context\":\"https:\/\/schema.org\",\"@graph\":[{\"@type\":\"WebPage\",\"@id\":\"https:\/\/fcflora.ee\/en\/klubi-isikuandmete-kaitse\/\",\"url\":\"https:\/\/fcflora.ee\/en\/klubi-isikuandmete-kaitse\/\",\"name\":\"Isikuandmete kaitse &#8211; FC Flora\",\"isPartOf\":{\"@id\":\"https:\/\/fcflora.ee\/#website\"},\"datePublished\":\"2019-03-11T10:54:15+00:00\",\"dateModified\":\"2019-04-08T08:41:33+00:00\",\"breadcrumb\":{\"@id\":\"https:\/\/fcflora.ee\/en\/klubi-isikuandmete-kaitse\/#breadcrumb\"},\"inLanguage\":\"en-US\",\"potentialAction\":[{\"@type\":\"ReadAction\",\"target\":[\"https:\/\/fcflora.ee\/en\/klubi-isikuandmete-kaitse\/\"]}]},{\"@type\":\"BreadcrumbList\",\"@id\":\"https:\/\/fcflora.ee\/en\/klubi-isikuandmete-kaitse\/#breadcrumb\",\"itemListElement\":[{\"@type\":\"ListItem\",\"position\":1,\"name\":\"Home\",\"item\":\"https:\/\/fcflora.ee\/en\/avaleht\/\"},{\"@type\":\"ListItem\",\"position\":2,\"name\":\"Isikuandmete kaitse\"}]},{\"@type\":\"WebSite\",\"@id\":\"https:\/\/fcflora.ee\/#website\",\"url\":\"https:\/\/fcflora.ee\/\",\"name\":\"FC Flora\",\"description\":\"Ametlik koduleht\",\"potentialAction\":[{\"@type\":\"SearchAction\",\"target\":{\"@type\":\"EntryPoint\",\"urlTemplate\":\"https:\/\/fcflora.ee\/?s={search_term_string}\"},\"query-input\":{\"@type\":\"PropertyValueSpecification\",\"valueRequired\":true,\"valueName\":\"search_term_string\"}}],\"inLanguage\":\"en-US\"}]}<\/script>\n<!-- \/ Yoast SEO plugin. -->","yoast_head_json":{"title":"Isikuandmete kaitse &#8211; FC Flora","robots":{"index":"index","follow":"follow","max-snippet":"max-snippet:-1","max-image-preview":"max-image-preview:large","max-video-preview":"max-video-preview:-1"},"canonical":"https:\/\/fcflora.ee\/en\/klubi-isikuandmete-kaitse\/","og_locale":"en_US","og_type":"article","og_title":"Isikuandmete kaitse &#8211; FC Flora","og_description":"ISIKUANDMETE KAITSE JA NENDE T\u00d6\u00d6TLEMINE MT\u00dc Jalgpalliklubi FCF-s ja MT\u00dc Jalgpalliklubi FCF Jalgpallikoolis MT\u00dc Jalgpalliklubi FCF (edaspidi FCF) ja MT\u00dc Jalgpalliklubi FCF Jalgpallikool (edaspidi FCF JK) suurimaks v\u00e4\u00e4rtuseks on klubi Noorliikmete rahulolu. Oma Noorliikmete ja nende seaduslike esindajate (edaspidi Esindaja) parimaks teenindamiseks ja k\u00f5igi lepinguliste suhete korrektseks t\u00e4itmiseks kogub ja s\u00e4ilitabFCF ja FCF JK oma [&hellip;]","og_url":"https:\/\/fcflora.ee\/en\/klubi-isikuandmete-kaitse\/","og_site_name":"FC Flora","article_modified_time":"2019-04-08T08:41:33+00:00","twitter_card":"summary_large_image","twitter_misc":{"Est. reading time":"2 minutes"},"schema":{"@context":"https:\/\/schema.org","@graph":[{"@type":"WebPage","@id":"https:\/\/fcflora.ee\/en\/klubi-isikuandmete-kaitse\/","url":"https:\/\/fcflora.ee\/en\/klubi-isikuandmete-kaitse\/","name":"Isikuandmete kaitse &#8211; FC Flora","isPartOf":{"@id":"https:\/\/fcflora.ee\/#website"},"datePublished":"2019-03-11T10:54:15+00:00","dateModified":"2019-04-08T08:41:33+00:00","breadcrumb":{"@id":"https:\/\/fcflora.ee\/en\/klubi-isikuandmete-kaitse\/#breadcrumb"},"inLanguage":"en-US","potentialAction":[{"@type":"ReadAction","target":["https:\/\/fcflora.ee\/en\/klubi-isikuandmete-kaitse\/"]}]},{"@type":"BreadcrumbList","@id":"https:\/\/fcflora.ee\/en\/klubi-isikuandmete-kaitse\/#breadcrumb","itemListElement":[{"@type":"ListItem","position":1,"name":"Home","item":"https:\/\/fcflora.ee\/en\/avaleht\/"},{"@type":"ListItem","position":2,"name":"Isikuandmete kaitse"}]},{"@type":"WebSite","@id":"https:\/\/fcflora.ee\/#website","url":"https:\/\/fcflora.ee\/","name":"FC Flora","description":"Ametlik koduleht","potentialAction":[{"@type":"SearchAction","target":{"@type":"EntryPoint","urlTemplate":"https:\/\/fcflora.ee\/?s={search_term_string}"},"query-input":{"@type":"PropertyValueSpecification","valueRequired":true,"valueName":"search_term_string"}}],"inLanguage":"en-US"}]}},"uagb_featured_image_src":{"full":false,"thumbnail":false,"medium":false,"medium_large":false,"large":false,"1536x1536":false,"2048x2048":false},"uagb_author_info":{"display_name":"Lauri Sibul","author_link":"https:\/\/fcflora.ee\/en\/author\/lauri\/"},"uagb_comment_info":0,"uagb_excerpt":"ISIKUANDMETE KAITSE JA NENDE T\u00d6\u00d6TLEMINE MT\u00dc Jalgpalliklubi FCF-s ja MT\u00dc Jalgpalliklubi FCF Jalgpallikoolis MT\u00dc Jalgpalliklubi FCF (edaspidi FCF) ja MT\u00dc Jalgpalliklubi FCF Jalgpallikool (edaspidi FCF JK) suurimaks v\u00e4\u00e4rtuseks on klubi Noorliikmete rahulolu. Oma Noorliikmete ja nende seaduslike esindajate (edaspidi Esindaja) parimaks teenindamiseks ja k\u00f5igi lepinguliste suhete korrektseks t\u00e4itmiseks kogub ja s\u00e4ilitabFCF ja FCF JK oma&hellip;","_links":{"self":[{"href":"https:\/\/fcflora.ee\/en\/wp-json\/wp\/v2\/pages\/1889","targetHints":{"allow":["GET"]}}],"collection":[{"href":"https:\/\/fcflora.ee\/en\/wp-json\/wp\/v2\/pages"}],"about":[{"href":"https:\/\/fcflora.ee\/en\/wp-json\/wp\/v2\/types\/page"}],"author":[{"embeddable":true,"href":"https:\/\/fcflora.ee\/en\/wp-json\/wp\/v2\/users\/5"}],"replies":[{"embeddable":true,"href":"https:\/\/fcflora.ee\/en\/wp-json\/wp\/v2\/comments?post=1889"}],"version-history":[{"count":0,"href":"https:\/\/fcflora.ee\/en\/wp-json\/wp\/v2\/pages\/1889\/revisions"}],"wp:attachment":[{"href":"https:\/\/fcflora.ee\/en\/wp-json\/wp\/v2\/media?parent=1889"}],"wp:term":[{"taxonomy":"category","embeddable":true,"href":"https:\/\/fcflora.ee\/en\/wp-json\/wp\/v2\/categories?post=1889"}],"curies":[{"name":"wp","href":"https:\/\/api.w.org\/{rel}","templated":true}]}}