{"id":1887,"date":"2019-03-11T12:54:01","date_gmt":"2019-03-11T10:54:01","guid":{"rendered":"https:\/\/dev.octa.ee\/fcflora\/klubi-stipendiumikonkurss\/"},"modified":"2021-11-08T15:39:12","modified_gmt":"2021-11-08T13:39:12","slug":"klubi-stipendiumikonkurss","status":"publish","type":"page","link":"https:\/\/fcflora.ee\/en\/klubi-stipendiumikonkurss\/","title":{"rendered":"Stipendiumikonkurss"},"content":{"rendered":"\n<h3 class=\"wp-block-heading\"><strong>Stipendiumikonkurss<\/strong><\/h3>\n\n\n\n<p><strong>MT\u00dc Jalgpalliklubi FCF Tallinna Jalgpallikool&nbsp;<\/strong>kuulutab v\u00e4lja avaliku konkursi stipendiumite taotlemiseks ja m\u00e4\u00e4ramiseks aastal 2021-2024.<\/p>\n\n\n\n<p><strong>Stipendiumi m\u00e4\u00e4ramise tingimused on:<\/strong><\/p>\n\n\n\n<ul class=\"wp-block-list\"><li>jalgpallurid \u2013 esindusv\u00f5istkonna tasemel m\u00e4ngivate jalgpallurite ja noorm\u00e4ngijate v\u00f5imete arendamiseks\u00a0ning sportliku tegevuse soodustamiseks.<\/li><li>v\u00e4lispraktika \u2013 jalgpallurile, kes siirdub m\u00e4ngima v\u00e4ljapoole Eestit oma individuaalsete oskuste arendamiseks, samuti talendikate v\u00e4lism\u00e4ngijate siirdumiseks Eestisse, kes on esindusmeeskonna tasemel, oma individuaalsete oskuste arendamiseks.<\/li><\/ul>\n\n\n\n<p>Stipendiume m\u00e4\u00e4rab JK FCF Tallinna Jalgpallikooli juhatus sooviavalduste alusel.<\/p>\n\n\n\n<p>Avaldus stipendiumiks esitada aadressil:&nbsp;JK FCF Tallinna Jalgpallikool, Jalgpalli tn 21, 11312 Tallinn. Lisainfo telefonil: +372 627 9940<\/p>\n\n\n\n<p><br><\/p>\n\n\n\n<p><strong>Eesti Jalgpalli Liit <\/strong>kuulutab v\u00e4lja <strong>spordistipendiumi konkursi <\/strong>v\u00f5imete arendamise kategoorias 2021. aastaks.<\/p>\n\n\n\n<p>V\u00f5imete arendamise kategoorias jalgpallurina peab taotleja vastama \u00fchele j\u00e4rgmistest n\u00f5uetest:<\/p>\n\n\n\n<ul class=\"wp-block-list\"><li>Jalgpallur peab olema osalenud kalendriaasta jooksul v\u00e4hemalt 1 (\u00fches) rahvuskoondise A&nbsp; v\u00f5istkonna m\u00e4ngus (sh arvestatakse meeste v\u00f5i naiste v\u00f5istkonda);<\/li><li>Jalgpallur peab olema&nbsp; meeste Premium liiga v\u00f5i Esiliiga (k.a Esiliiga B) m\u00e4ngija v\u00f5i naiste Meistriliiga m\u00e4ngija ning tal peab olema konkursil osalemiseks vastava klubi soovituskiri;<\/li><li>Jalgpallur peab olema Eesti noortekoondise kandidaat ning tal on EJL tehnilise direktori soovituskiri.<\/li><\/ul>\n\n\n\n<p>V\u00f5imete arendamise kategoorias noorm\u00e4ngija arengu toetamiseks (kolme-aastane stipendium) peab taotleja vastama j\u00e4rgmistele n\u00f5uetele:<\/p>\n\n\n\n<ul class=\"wp-block-list\"><li>Saama stipendiumi v\u00e4ljamaksmise alguse aastal 19-aastaseks (p\u00f5hivanus), EJL v\u00f5ib teha erandi Stipendiumisaajale, kes saab esimese v\u00e4ljamaksmise aasta algul ka 18- v\u00f5i 20-aastaseks; ja&nbsp;<\/li><li>Jalgpalluri m\u00e4ngija\u00f5igused peavad kuuluma Premium v\u00f5i Esiliiga (sh Esiliiga B) klubile ning jalgpalluril on oma klubi soovituskiri. Premium v\u00f5i Esiliiga klubi saab reeglina \u00fchel kalendriaastal anda oma soovituskirja mitte enamale kui kahele (2) klubis registreeritud \u201eEestis treenitud m\u00e4ngijale\u201c, kellest v\u00e4hemalt \u00fcks peab olema \u201eKlubis treenitud m\u00e4ngija\u201c.<\/li><\/ul>\n\n\n\n<p>T\u00e4psemalt EJL poolse spordistipendiumi konkursi kohta saab lugeda <a href=\"http:\/\/jalgpall.ee\/ejl\/konkursid\">siit<\/a>. <\/p>\n","protected":false},"excerpt":{"rendered":"<p>Stipendiumikonkurss MT\u00dc Jalgpalliklubi FCF Tallinna Jalgpallikool&nbsp;kuulutab v\u00e4lja avaliku konkursi stipendiumite taotlemiseks ja m\u00e4\u00e4ramiseks aastal 2021-2024. Stipendiumi m\u00e4\u00e4ramise tingimused on: jalgpallurid \u2013 esindusv\u00f5istkonna tasemel m\u00e4ngivate jalgpallurite ja noorm\u00e4ngijate v\u00f5imete arendamiseks\u00a0ning sportliku tegevuse soodustamiseks. v\u00e4lispraktika \u2013 jalgpallurile, kes siirdub m\u00e4ngima v\u00e4ljapoole Eestit oma individuaalsete oskuste arendamiseks, samuti talendikate v\u00e4lism\u00e4ngijate siirdumiseks Eestisse, kes on esindusmeeskonna tasemel, oma individuaalsete [&hellip;]<\/p>\n","protected":false},"author":5,"featured_media":0,"parent":0,"menu_order":0,"comment_status":"closed","ping_status":"closed","template":"","meta":{"_acf_changed":false,"_uag_custom_page_level_css":"","_exactmetrics_skip_tracking":false,"_exactmetrics_sitenote_active":false,"_exactmetrics_sitenote_note":"","_exactmetrics_sitenote_category":0,"footnotes":""},"categories":[17186],"class_list":["post-1887","page","type-page","status-publish","hentry","category-club"],"acf":[],"yoast_head":"<!-- This site is optimized with the Yoast SEO plugin v24.0 - https:\/\/yoast.com\/wordpress\/plugins\/seo\/ -->\n<title>Stipendiumikonkurss &#8211; FC Flora<\/title>\n<meta name=\"robots\" content=\"index, follow, max-snippet:-1, max-image-preview:large, max-video-preview:-1\" \/>\n<link rel=\"canonical\" href=\"https:\/\/fcflora.ee\/en\/klubi-stipendiumikonkurss\/\" \/>\n<meta property=\"og:locale\" content=\"en_US\" \/>\n<meta property=\"og:type\" content=\"article\" \/>\n<meta property=\"og:title\" content=\"Stipendiumikonkurss &#8211; FC Flora\" \/>\n<meta property=\"og:description\" content=\"Stipendiumikonkurss MT\u00dc Jalgpalliklubi FCF Tallinna Jalgpallikool&nbsp;kuulutab v\u00e4lja avaliku konkursi stipendiumite taotlemiseks ja m\u00e4\u00e4ramiseks aastal 2021-2024. Stipendiumi m\u00e4\u00e4ramise tingimused on: jalgpallurid \u2013 esindusv\u00f5istkonna tasemel m\u00e4ngivate jalgpallurite ja noorm\u00e4ngijate v\u00f5imete arendamiseks\u00a0ning sportliku tegevuse soodustamiseks. v\u00e4lispraktika \u2013 jalgpallurile, kes siirdub m\u00e4ngima v\u00e4ljapoole Eestit oma individuaalsete oskuste arendamiseks, samuti talendikate v\u00e4lism\u00e4ngijate siirdumiseks Eestisse, kes on esindusmeeskonna tasemel, oma individuaalsete [&hellip;]\" \/>\n<meta property=\"og:url\" content=\"https:\/\/fcflora.ee\/en\/klubi-stipendiumikonkurss\/\" \/>\n<meta property=\"og:site_name\" content=\"FC Flora\" \/>\n<meta property=\"article:modified_time\" content=\"2021-11-08T13:39:12+00:00\" \/>\n<meta name=\"twitter:card\" content=\"summary_large_image\" \/>\n<meta name=\"twitter:label1\" content=\"Est. reading time\" \/>\n\t<meta name=\"twitter:data1\" content=\"1 minute\" \/>\n<script type=\"application\/ld+json\" class=\"yoast-schema-graph\">{\"@context\":\"https:\/\/schema.org\",\"@graph\":[{\"@type\":\"WebPage\",\"@id\":\"https:\/\/fcflora.ee\/en\/klubi-stipendiumikonkurss\/\",\"url\":\"https:\/\/fcflora.ee\/en\/klubi-stipendiumikonkurss\/\",\"name\":\"Stipendiumikonkurss &#8211; FC Flora\",\"isPartOf\":{\"@id\":\"https:\/\/fcflora.ee\/#website\"},\"datePublished\":\"2019-03-11T10:54:01+00:00\",\"dateModified\":\"2021-11-08T13:39:12+00:00\",\"breadcrumb\":{\"@id\":\"https:\/\/fcflora.ee\/en\/klubi-stipendiumikonkurss\/#breadcrumb\"},\"inLanguage\":\"en-US\",\"potentialAction\":[{\"@type\":\"ReadAction\",\"target\":[\"https:\/\/fcflora.ee\/en\/klubi-stipendiumikonkurss\/\"]}]},{\"@type\":\"BreadcrumbList\",\"@id\":\"https:\/\/fcflora.ee\/en\/klubi-stipendiumikonkurss\/#breadcrumb\",\"itemListElement\":[{\"@type\":\"ListItem\",\"position\":1,\"name\":\"Home\",\"item\":\"https:\/\/fcflora.ee\/en\/avaleht\/\"},{\"@type\":\"ListItem\",\"position\":2,\"name\":\"Stipendiumikonkurss\"}]},{\"@type\":\"WebSite\",\"@id\":\"https:\/\/fcflora.ee\/#website\",\"url\":\"https:\/\/fcflora.ee\/\",\"name\":\"FC Flora\",\"description\":\"Ametlik koduleht\",\"potentialAction\":[{\"@type\":\"SearchAction\",\"target\":{\"@type\":\"EntryPoint\",\"urlTemplate\":\"https:\/\/fcflora.ee\/?s={search_term_string}\"},\"query-input\":{\"@type\":\"PropertyValueSpecification\",\"valueRequired\":true,\"valueName\":\"search_term_string\"}}],\"inLanguage\":\"en-US\"}]}<\/script>\n<!-- \/ Yoast SEO plugin. -->","yoast_head_json":{"title":"Stipendiumikonkurss &#8211; FC Flora","robots":{"index":"index","follow":"follow","max-snippet":"max-snippet:-1","max-image-preview":"max-image-preview:large","max-video-preview":"max-video-preview:-1"},"canonical":"https:\/\/fcflora.ee\/en\/klubi-stipendiumikonkurss\/","og_locale":"en_US","og_type":"article","og_title":"Stipendiumikonkurss &#8211; FC Flora","og_description":"Stipendiumikonkurss MT\u00dc Jalgpalliklubi FCF Tallinna Jalgpallikool&nbsp;kuulutab v\u00e4lja avaliku konkursi stipendiumite taotlemiseks ja m\u00e4\u00e4ramiseks aastal 2021-2024. Stipendiumi m\u00e4\u00e4ramise tingimused on: jalgpallurid \u2013 esindusv\u00f5istkonna tasemel m\u00e4ngivate jalgpallurite ja noorm\u00e4ngijate v\u00f5imete arendamiseks\u00a0ning sportliku tegevuse soodustamiseks. v\u00e4lispraktika \u2013 jalgpallurile, kes siirdub m\u00e4ngima v\u00e4ljapoole Eestit oma individuaalsete oskuste arendamiseks, samuti talendikate v\u00e4lism\u00e4ngijate siirdumiseks Eestisse, kes on esindusmeeskonna tasemel, oma individuaalsete [&hellip;]","og_url":"https:\/\/fcflora.ee\/en\/klubi-stipendiumikonkurss\/","og_site_name":"FC Flora","article_modified_time":"2021-11-08T13:39:12+00:00","twitter_card":"summary_large_image","twitter_misc":{"Est. reading time":"1 minute"},"schema":{"@context":"https:\/\/schema.org","@graph":[{"@type":"WebPage","@id":"https:\/\/fcflora.ee\/en\/klubi-stipendiumikonkurss\/","url":"https:\/\/fcflora.ee\/en\/klubi-stipendiumikonkurss\/","name":"Stipendiumikonkurss &#8211; FC Flora","isPartOf":{"@id":"https:\/\/fcflora.ee\/#website"},"datePublished":"2019-03-11T10:54:01+00:00","dateModified":"2021-11-08T13:39:12+00:00","breadcrumb":{"@id":"https:\/\/fcflora.ee\/en\/klubi-stipendiumikonkurss\/#breadcrumb"},"inLanguage":"en-US","potentialAction":[{"@type":"ReadAction","target":["https:\/\/fcflora.ee\/en\/klubi-stipendiumikonkurss\/"]}]},{"@type":"BreadcrumbList","@id":"https:\/\/fcflora.ee\/en\/klubi-stipendiumikonkurss\/#breadcrumb","itemListElement":[{"@type":"ListItem","position":1,"name":"Home","item":"https:\/\/fcflora.ee\/en\/avaleht\/"},{"@type":"ListItem","position":2,"name":"Stipendiumikonkurss"}]},{"@type":"WebSite","@id":"https:\/\/fcflora.ee\/#website","url":"https:\/\/fcflora.ee\/","name":"FC Flora","description":"Ametlik koduleht","potentialAction":[{"@type":"SearchAction","target":{"@type":"EntryPoint","urlTemplate":"https:\/\/fcflora.ee\/?s={search_term_string}"},"query-input":{"@type":"PropertyValueSpecification","valueRequired":true,"valueName":"search_term_string"}}],"inLanguage":"en-US"}]}},"uagb_featured_image_src":{"full":false,"thumbnail":false,"medium":false,"medium_large":false,"large":false,"1536x1536":false,"2048x2048":false},"uagb_author_info":{"display_name":"Lauri Sibul","author_link":"https:\/\/fcflora.ee\/en\/author\/lauri\/"},"uagb_comment_info":0,"uagb_excerpt":"Stipendiumikonkurss MT\u00dc Jalgpalliklubi FCF Tallinna Jalgpallikool&nbsp;kuulutab v\u00e4lja avaliku konkursi stipendiumite taotlemiseks ja m\u00e4\u00e4ramiseks aastal 2021-2024. Stipendiumi m\u00e4\u00e4ramise tingimused on: jalgpallurid \u2013 esindusv\u00f5istkonna tasemel m\u00e4ngivate jalgpallurite ja noorm\u00e4ngijate v\u00f5imete arendamiseks\u00a0ning sportliku tegevuse soodustamiseks. v\u00e4lispraktika \u2013 jalgpallurile, kes siirdub m\u00e4ngima v\u00e4ljapoole Eestit oma individuaalsete oskuste arendamiseks, samuti talendikate v\u00e4lism\u00e4ngijate siirdumiseks Eestisse, kes on esindusmeeskonna tasemel, oma individuaalsete&hellip;","_links":{"self":[{"href":"https:\/\/fcflora.ee\/en\/wp-json\/wp\/v2\/pages\/1887","targetHints":{"allow":["GET"]}}],"collection":[{"href":"https:\/\/fcflora.ee\/en\/wp-json\/wp\/v2\/pages"}],"about":[{"href":"https:\/\/fcflora.ee\/en\/wp-json\/wp\/v2\/types\/page"}],"author":[{"embeddable":true,"href":"https:\/\/fcflora.ee\/en\/wp-json\/wp\/v2\/users\/5"}],"replies":[{"embeddable":true,"href":"https:\/\/fcflora.ee\/en\/wp-json\/wp\/v2\/comments?post=1887"}],"version-history":[{"count":0,"href":"https:\/\/fcflora.ee\/en\/wp-json\/wp\/v2\/pages\/1887\/revisions"}],"wp:attachment":[{"href":"https:\/\/fcflora.ee\/en\/wp-json\/wp\/v2\/media?parent=1887"}],"wp:term":[{"taxonomy":"category","embeddable":true,"href":"https:\/\/fcflora.ee\/en\/wp-json\/wp\/v2\/categories?post=1887"}],"curies":[{"name":"wp","href":"https:\/\/api.w.org\/{rel}","templated":true}]}}