{"id":1882,"date":"2019-03-11T12:52:34","date_gmt":"2019-03-11T10:52:34","guid":{"rendered":"https:\/\/dev.octa.ee\/fcflora\/klubi-valjakud\/"},"modified":"2025-10-21T23:26:15","modified_gmt":"2025-10-21T20:26:15","slug":"klubi-valjakud","status":"publish","type":"page","link":"https:\/\/fcflora.ee\/en\/klubi-valjakud\/","title":{"rendered":"V\u00e4ljakud"},"content":{"rendered":"\n<h3 class=\"wp-block-heading\"><strong>Treeningv\u00e4ljakute rentimine<\/strong><\/h3>\n\n\n\n<h4 class=\"wp-block-heading\"><strong>FC FLORA LILLEK\u00dcLA V\u00c4LJAKUD<\/strong><\/h4>\n\n\n\n<div class=\"wp-block-columns has-2-columns is-layout-flex wp-container-core-columns-is-layout-1 wp-block-columns-is-layout-flex\">\n<div class=\"wp-block-column is-layout-flow wp-block-column-is-layout-flow\"><div class=\"wp-block-image\">\n<figure class=\"aligncenter\"><img loading=\"lazy\" decoding=\"async\" width=\"1024\" height=\"519\" src=\"https:\/\/fcflora.ee\/wp-content\/uploads\/2019\/05\/suvelaager3-1024x519.jpg\" alt=\"\" class=\"wp-image-28726\" srcset=\"https:\/\/fcflora.ee\/wp-content\/uploads\/2019\/05\/suvelaager3-1024x519.jpg 1024w, https:\/\/fcflora.ee\/wp-content\/uploads\/2019\/05\/suvelaager3-300x152.jpg 300w, https:\/\/fcflora.ee\/wp-content\/uploads\/2019\/05\/suvelaager3-768x389.jpg 768w, https:\/\/fcflora.ee\/wp-content\/uploads\/2019\/05\/suvelaager3-600x304.jpg 600w\" sizes=\"auto, (max-width: 1024px) 100vw, 1024px\" \/><\/figure><\/div><\/div>\n\n\n\n<div class=\"wp-block-column is-layout-flow wp-block-column-is-layout-flow\">\n<p>Jalgpalli tn 21, Tallinn<br>2 naturaalmurukattega t\u00e4ism\u00f5\u00f5tmetes v\u00e4ljakut<\/p>\n\n\n\n<p>Need kaks v\u00e4ljakut kuuluvad FC Florale ning neid&nbsp;on v\u00f5imalik rentida treeninguteks, m\u00e4ngudeks, firma\u00fcritusteks jne. V\u00f5imalik on broneerida ka osa treeningv\u00e4ljakust, nt 1\/2 v\u00f5i 1\/4 muruv\u00e4ljakust.<\/p>\n\n\n\n<p>V\u00e4ljakute broneerimine ja hinnad kokkuleppel.<\/p>\n\n\n\n<p>Broneerimiseks ning t\u00e4psema informatsiooni saamiseks p\u00f6\u00f6rduge julgelt FC Flora kontorisse telefonil 627 9940 v\u00f5i <a href=\"mailto:fcflora@fcflora.ee\">fcflora@fcflora.ee<\/a><\/p>\n<\/div>\n<\/div>\n\n\n\n<h4 class=\"wp-block-heading\"><strong>FC FLORA KOTKA STAADION<\/strong><\/h4>\n\n\n\n<p>Linnu tee 5, Linnu tee 7 Tallinn<\/p>\n\n\n\n<div class=\"wp-block-columns has-2-columns is-layout-flex wp-container-core-columns-is-layout-2 wp-block-columns-is-layout-flex\">\n<div class=\"wp-block-column is-layout-flow wp-block-column-is-layout-flow\"><div class=\"wp-block-image\">\n<figure class=\"aligncenter is-resized\"><img loading=\"lazy\" decoding=\"async\" width=\"1024\" height=\"683\" src=\"https:\/\/fcflora.ee\/wp-content\/uploads\/2019\/05\/Kotka-3_sisehalli_valjak-1024x683.jpg\" alt=\"\" class=\"wp-image-28697\" style=\"width:419px;height:279px\" srcset=\"https:\/\/fcflora.ee\/wp-content\/uploads\/2019\/05\/Kotka-3_sisehalli_valjak-1024x683.jpg 1024w, https:\/\/fcflora.ee\/wp-content\/uploads\/2019\/05\/Kotka-3_sisehalli_valjak-300x200.jpg 300w, https:\/\/fcflora.ee\/wp-content\/uploads\/2019\/05\/Kotka-3_sisehalli_valjak-768x512.jpg 768w, https:\/\/fcflora.ee\/wp-content\/uploads\/2019\/05\/Kotka-3_sisehalli_valjak-600x400.jpg 600w\" sizes=\"auto, (max-width: 1024px) 100vw, 1024px\" \/><figcaption class=\"wp-element-caption\">Sisehall (m\u00f5\u00f5tmed 70x50m)<\/figcaption><\/figure><\/div>\n\n\n<p><\/p>\n<\/div>\n\n\n\n<div class=\"wp-block-column is-layout-flow wp-block-column-is-layout-flow\"><div class=\"wp-block-image\">\n<figure class=\"aligncenter is-resized\"><img loading=\"lazy\" decoding=\"async\" width=\"1024\" height=\"576\" src=\"https:\/\/fcflora.ee\/wp-content\/uploads\/2019\/05\/Kotka-6_valivaljak-1024x576.jpg\" alt=\"\" class=\"wp-image-28699\" style=\"width:495px;height:278px\" srcset=\"https:\/\/fcflora.ee\/wp-content\/uploads\/2019\/05\/Kotka-6_valivaljak-1024x576.jpg 1024w, https:\/\/fcflora.ee\/wp-content\/uploads\/2019\/05\/Kotka-6_valivaljak-300x169.jpg 300w, https:\/\/fcflora.ee\/wp-content\/uploads\/2019\/05\/Kotka-6_valivaljak-768x432.jpg 768w, https:\/\/fcflora.ee\/wp-content\/uploads\/2019\/05\/Kotka-6_valivaljak-600x338.jpg 600w, https:\/\/fcflora.ee\/wp-content\/uploads\/2019\/05\/Kotka-6_valivaljak.jpg 2048w\" sizes=\"auto, (max-width: 1024px) 100vw, 1024px\" \/><figcaption class=\"wp-element-caption\">V\u00e4liv\u00e4ljak (m\u00f5\u00f5tmed 100x70m)<\/figcaption><\/figure><\/div><\/div>\n<\/div>\n\n\n\n<p>Nii sisehalli kui ka v\u00e4liv\u00e4ljakut on v\u00f5imalik rentida&nbsp;treeninguteks, m\u00e4ngudeks, firma\u00fcritusteks jne. V\u00f5imalik on broneerida ka osa treeningv\u00e4ljakust, nt 1\/2 v\u00f5i 1\/4 kunstmuruv\u00e4ljakust.<\/p>\n\n\n\n<div style=\"height:20px\" aria-hidden=\"true\" class=\"wp-block-spacer\"><\/div>\n\n\n\n<p class=\"has-medium-font-size\"><strong>Hinnakiri (al 01.11.2025):<\/strong><\/p>\n\n\n\n<figure class=\"wp-block-table is-style-stripes\"><table class=\"has-fixed-layout\"><tbody><tr><td><strong>V\u00c4LIV\u00c4LJAK<\/strong><\/td><td><strong>Aeg<\/strong><\/td><td><strong>E-R kl 9:00-15:00<\/strong><\/td><td><strong>E-R kl 15:00-21:00<\/strong><\/td><td><strong>L, P<\/strong><\/td><\/tr><tr><td>Treening tervel v\u00e4ljakul<\/td><td>1,5h<\/td><td>135.-<\/td><td>145.-<\/td><td>145.-<\/td><\/tr><tr><td>Treening 1\/2 v\u00e4ljakul<\/td><td>1,5h<\/td><td>68.-<\/td><td>100.-<\/td><td>100.-<\/td><\/tr><tr><td>Treening 1\/4 v\u00e4ljakul<\/td><td>1,5h<\/td><td>34.-<\/td><td>80.-<\/td><td>80.-<\/td><\/tr><tr><td>M\u00e4ng tervel v\u00e4ljakul<\/td><td>max 2h<\/td><td>155.-<\/td><td>165.-<\/td><td>165.-<\/td><\/tr><tr><td>M\u00e4ng 1\/2 v\u00e4ljakul<\/td><td>max 2h<\/td><td>105.-<\/td><td>125.-<\/td><td>125.-<\/td><\/tr><tr><\/tr><tr><\/tr><tr><td><strong>SISEHALL<\/strong><\/td><td><strong>Aeg<\/strong><\/td><td><strong>E-R kl 9:00-15:00<\/strong><\/td><td><strong>E-R kl 15:00-22:30<\/strong><\/td><td><strong>L, P<\/strong><\/td><\/tr><tr><td>Treening tervel v\u00e4ljakul<\/td><td>1,5h<\/td><td>155.-<\/td><td>165.-<\/td><td>165.-<\/td><\/tr><tr><td>Treening 1\/2 v\u00e4ljakul<\/td><td>1,5h<\/td><td>78.-<\/td><td>110.-<\/td><td>110.-<\/td><\/tr><tr><td>Treening 1\/4 v\u00e4ljakul<\/td><td>1,5h<\/td><td>39.-<\/td><td>90.-<\/td><td>90.-<\/td><\/tr><tr><td>M\u00e4ng tervel v\u00e4ljakul<\/td><td>max 2h<\/td><td>175.-<\/td><td>185.-<\/td><td>185.-<\/td><\/tr><tr><td>M\u00e4ng 1\/2 v\u00e4ljakul<\/td><td>max 2h<\/td><td>115.-<\/td><td>135.-<\/td><td>135.-<\/td><\/tr><\/tbody><\/table><\/figure>\n\n\n\n<div style=\"height:10px\" aria-hidden=\"true\" class=\"wp-block-spacer\"><\/div>\n\n\n\n<p>Riietusruumi v\u00f5tme kaotamine 20.-<br><em><br><\/em><em>Hinnale ei lisandu k\u00e4ibemaks.<\/em><\/p>\n\n\n\n<p><strong>Hind sisaldab tulenevalt riietusruumide h\u00f5ivatusest eraldi v\u00f5i \u00fchiseid du\u0161iruume<\/strong> (olenemata v\u00e4ljaku suurusest ja rentimise kellaajast). Riietus- ja du\u0161iruume on v\u00f5imalik kasutada 15 min enne ja 30 min p\u00e4rast treeningut.<\/p>\n\n\n\n<p><strong>M\u00e4ngu<\/strong>&nbsp;puhul sisaldab hind tulenevalt riietusruumide h\u00f5ivatusest eraldi v\u00f5i \u00fchiseid du\u0161iruume, inventari (nurgalippe, v\u00e4ravaid), WC kasutamist, v\u00e4ljakute- ja ruumide korrashoidu. Soojenduse tegemiseks p\u00e4\u00e4seb v\u00e4ljakule 15-50 min enne kohtumise algust.<\/p>\n\n\n\n<p>Riietusruumist lahkumisel kohustub k\u00fclastaja administraatorile tagastama riietusruumi v\u00f5tme. Riietusruumi v\u00f5tme rikkumisel v\u00f5i kaotamisel tasub k\u00fclastaja k\u00e4esolevas hinnakirjas s\u00e4testatud trahvi.<\/p>\n\n\n\n<p>Staadion ei vastuta k\u00fclastajate isiklike asjade eest.<\/p>\n\n\n\n<p>V\u00e4ljaku ja halli aja broneerimiseks helistage palun telefonil 56933070 v\u00f5i saatke p\u00e4ring e-mailile <a href=\"mailto:kotkastaadion@fcflora.ee\">kotkastaadion@fcflora.ee<\/a>. Kotka staadionit puudutava \u00fcldinfo saamiseks helistage telefonil 6562473.<\/p>\n\n\n\n<div style=\"height:20px\" aria-hidden=\"true\" class=\"wp-block-spacer\"><\/div>\n\n\n\n<h4 class=\"wp-block-heading\"><strong>SPORTLAND ARENA<\/strong><\/h4>\n\n\n<div class=\"wp-block-image\">\n<figure class=\"aligncenter\"><img loading=\"lazy\" decoding=\"async\" width=\"1024\" height=\"685\" src=\"https:\/\/fcflora.ee\/wp-content\/uploads\/2019\/05\/Trib\u00fc\u00fcn_4-1024x685.jpg\" alt=\"\" class=\"wp-image-28720\" srcset=\"https:\/\/fcflora.ee\/wp-content\/uploads\/2019\/05\/Trib\u00fc\u00fcn_4-1024x685.jpg 1024w, https:\/\/fcflora.ee\/wp-content\/uploads\/2019\/05\/Trib\u00fc\u00fcn_4-300x201.jpg 300w, https:\/\/fcflora.ee\/wp-content\/uploads\/2019\/05\/Trib\u00fc\u00fcn_4-768x514.jpg 768w, https:\/\/fcflora.ee\/wp-content\/uploads\/2019\/05\/Trib\u00fc\u00fcn_4-600x402.jpg 600w\" sizes=\"auto, (max-width: 1024px) 100vw, 1024px\" \/><\/figure><\/div>\n\n\n<p>Jalgpalli tn 21, Tallinn<br>Soojendusega kunstmurukattega v\u00e4ljak<\/p>\n\n\n\n<div style=\"height:25px\" aria-hidden=\"true\" class=\"wp-block-spacer\"><\/div>\n\n\n\n<h4 class=\"wp-block-heading\"><strong>NIKE ARENA<\/strong><\/h4>\n\n\n<div class=\"wp-block-image\">\n<figure class=\"aligncenter\"><img loading=\"lazy\" decoding=\"async\" width=\"1024\" height=\"685\" src=\"https:\/\/fcflora.ee\/wp-content\/uploads\/2019\/05\/Sportland_ja_Nike-8-1024x685.jpg\" alt=\"\" class=\"wp-image-28718\" srcset=\"https:\/\/fcflora.ee\/wp-content\/uploads\/2019\/05\/Sportland_ja_Nike-8-1024x685.jpg 1024w, https:\/\/fcflora.ee\/wp-content\/uploads\/2019\/05\/Sportland_ja_Nike-8-300x201.jpg 300w, https:\/\/fcflora.ee\/wp-content\/uploads\/2019\/05\/Sportland_ja_Nike-8-768x514.jpg 768w, https:\/\/fcflora.ee\/wp-content\/uploads\/2019\/05\/Sportland_ja_Nike-8-600x402.jpg 600w\" sizes=\"auto, (max-width: 1024px) 100vw, 1024px\" \/><\/figure><\/div>\n\n\n<p>Jalgpalli tn 21, Tallinn<br>Soojenduseta kunstmurukattega v\u00e4ljak<\/p>\n\n\n\n<div style=\"height:25px\" aria-hidden=\"true\" class=\"wp-block-spacer\"><\/div>\n\n\n\n<h4 class=\"wp-block-heading\"><strong>EJL SISEHALL<\/strong><\/h4>\n\n\n\n<div class=\"wp-block-columns has-2-columns is-layout-flex wp-container-core-columns-is-layout-3 wp-block-columns-is-layout-flex\">\n<div class=\"wp-block-column is-layout-flow wp-block-column-is-layout-flow\"><div class=\"wp-block-image\">\n<figure class=\"aligncenter is-resized\"><img loading=\"lazy\" decoding=\"async\" width=\"1024\" height=\"683\" src=\"https:\/\/fcflora.ee\/wp-content\/uploads\/2019\/05\/45214656264_e9a88b21aa_k-1024x683.jpg\" alt=\"\" class=\"wp-image-28709\" style=\"width:513px;height:341px\" srcset=\"https:\/\/fcflora.ee\/wp-content\/uploads\/2019\/05\/45214656264_e9a88b21aa_k-1024x683.jpg 1024w, https:\/\/fcflora.ee\/wp-content\/uploads\/2019\/05\/45214656264_e9a88b21aa_k-300x200.jpg 300w, https:\/\/fcflora.ee\/wp-content\/uploads\/2019\/05\/45214656264_e9a88b21aa_k-768x512.jpg 768w, https:\/\/fcflora.ee\/wp-content\/uploads\/2019\/05\/45214656264_e9a88b21aa_k-600x400.jpg 600w, https:\/\/fcflora.ee\/wp-content\/uploads\/2019\/05\/45214656264_e9a88b21aa_k.jpg 2048w\" sizes=\"auto, (max-width: 1024px) 100vw, 1024px\" \/><figcaption class=\"wp-element-caption\"><br><\/figcaption><\/figure><\/div>\n\n\n<p><\/p>\n<\/div>\n\n\n\n<div class=\"wp-block-column is-layout-flow wp-block-column-is-layout-flow\">\n<p>Jalgpalli tn 21, Tallinn<\/p>\n\n\n\n<p>Nimetatud v\u00e4ljakuid on v\u00f5imalik rentida nii treeninguteks, liigam\u00e4ngudeks, firma\u00fcritusteks jne. V\u00f5imalik on broneerida ka osa treeningv\u00e4ljakust, nt 1\/2 v\u00f5i 1\/4 kunstmuruv\u00e4ljakust.<\/p>\n\n\n\n<p>Sportland Arena, Nike Arena ja EJL sisehall kuuluvad Eesti Jalgpalli Liidule, nende renditingimused leiate <a href=\"http:\/\/jalgpall.ee\/ejl\/a-le-coq-arena\/valjakute-rent\">siit<\/a>.<\/p>\n\n\n\n<p>Rendisooviga palume p\u00f6\u00f6rduda aadressile <a href=\"staadion@jalgpall.ee\" class=\"broken_link\">staadion@jalgpall.ee<\/a><\/p>\n<\/div>\n<\/div>\n","protected":false},"excerpt":{"rendered":"<p>Treeningv\u00e4ljakute rentimine FC FLORA LILLEK\u00dcLA V\u00c4LJAKUD Jalgpalli tn 21, Tallinn2 naturaalmurukattega t\u00e4ism\u00f5\u00f5tmetes v\u00e4ljakut Need kaks v\u00e4ljakut kuuluvad FC Florale ning neid&nbsp;on v\u00f5imalik rentida treeninguteks, m\u00e4ngudeks, firma\u00fcritusteks jne. V\u00f5imalik on broneerida ka osa treeningv\u00e4ljakust, nt 1\/2 v\u00f5i 1\/4 muruv\u00e4ljakust. V\u00e4ljakute broneerimine ja hinnad kokkuleppel. Broneerimiseks ning t\u00e4psema informatsiooni saamiseks p\u00f6\u00f6rduge julgelt FC Flora kontorisse telefonil 627 [&hellip;]<\/p>\n","protected":false},"author":5,"featured_media":0,"parent":0,"menu_order":0,"comment_status":"closed","ping_status":"closed","template":"","meta":{"_acf_changed":false,"_uag_custom_page_level_css":"","_exactmetrics_skip_tracking":false,"_exactmetrics_sitenote_active":false,"_exactmetrics_sitenote_note":"","_exactmetrics_sitenote_category":0,"footnotes":""},"categories":[17186],"class_list":["post-1882","page","type-page","status-publish","hentry","category-club"],"acf":[],"yoast_head":"<!-- This site is optimized with the Yoast SEO plugin v24.0 - https:\/\/yoast.com\/wordpress\/plugins\/seo\/ -->\n<title>V\u00e4ljakud &#8211; FC Flora<\/title>\n<meta name=\"robots\" content=\"index, follow, max-snippet:-1, max-image-preview:large, max-video-preview:-1\" \/>\n<link rel=\"canonical\" href=\"https:\/\/fcflora.ee\/en\/klubi-valjakud\/\" \/>\n<meta property=\"og:locale\" content=\"en_US\" \/>\n<meta property=\"og:type\" content=\"article\" \/>\n<meta property=\"og:title\" content=\"V\u00e4ljakud &#8211; FC Flora\" \/>\n<meta property=\"og:description\" content=\"Treeningv\u00e4ljakute rentimine FC FLORA LILLEK\u00dcLA V\u00c4LJAKUD Jalgpalli tn 21, Tallinn2 naturaalmurukattega t\u00e4ism\u00f5\u00f5tmetes v\u00e4ljakut Need kaks v\u00e4ljakut kuuluvad FC Florale ning neid&nbsp;on v\u00f5imalik rentida treeninguteks, m\u00e4ngudeks, firma\u00fcritusteks jne. V\u00f5imalik on broneerida ka osa treeningv\u00e4ljakust, nt 1\/2 v\u00f5i 1\/4 muruv\u00e4ljakust. V\u00e4ljakute broneerimine ja hinnad kokkuleppel. Broneerimiseks ning t\u00e4psema informatsiooni saamiseks p\u00f6\u00f6rduge julgelt FC Flora kontorisse telefonil 627 [&hellip;]\" \/>\n<meta property=\"og:url\" content=\"https:\/\/fcflora.ee\/en\/klubi-valjakud\/\" \/>\n<meta property=\"og:site_name\" content=\"FC Flora\" \/>\n<meta property=\"article:modified_time\" content=\"2025-10-21T20:26:15+00:00\" \/>\n<meta property=\"og:image\" content=\"https:\/\/fcflora.ee\/wp-content\/uploads\/2019\/05\/suvelaager3.jpg\" \/>\n\t<meta property=\"og:image:width\" content=\"3696\" \/>\n\t<meta property=\"og:image:height\" content=\"1872\" \/>\n\t<meta property=\"og:image:type\" content=\"image\/jpeg\" \/>\n<meta name=\"twitter:card\" content=\"summary_large_image\" \/>\n<meta name=\"twitter:label1\" content=\"Est. reading time\" \/>\n\t<meta name=\"twitter:data1\" content=\"2 minutes\" \/>\n<script type=\"application\/ld+json\" class=\"yoast-schema-graph\">{\"@context\":\"https:\/\/schema.org\",\"@graph\":[{\"@type\":\"WebPage\",\"@id\":\"https:\/\/fcflora.ee\/en\/klubi-valjakud\/\",\"url\":\"https:\/\/fcflora.ee\/en\/klubi-valjakud\/\",\"name\":\"V\u00e4ljakud &#8211; FC Flora\",\"isPartOf\":{\"@id\":\"https:\/\/fcflora.ee\/#website\"},\"primaryImageOfPage\":{\"@id\":\"https:\/\/fcflora.ee\/en\/klubi-valjakud\/#primaryimage\"},\"image\":{\"@id\":\"https:\/\/fcflora.ee\/en\/klubi-valjakud\/#primaryimage\"},\"thumbnailUrl\":\"https:\/\/fcflora.ee\/wp-content\/uploads\/2019\/05\/suvelaager3-1024x519.jpg\",\"datePublished\":\"2019-03-11T10:52:34+00:00\",\"dateModified\":\"2025-10-21T20:26:15+00:00\",\"breadcrumb\":{\"@id\":\"https:\/\/fcflora.ee\/en\/klubi-valjakud\/#breadcrumb\"},\"inLanguage\":\"en-US\",\"potentialAction\":[{\"@type\":\"ReadAction\",\"target\":[\"https:\/\/fcflora.ee\/en\/klubi-valjakud\/\"]}]},{\"@type\":\"ImageObject\",\"inLanguage\":\"en-US\",\"@id\":\"https:\/\/fcflora.ee\/en\/klubi-valjakud\/#primaryimage\",\"url\":\"https:\/\/fcflora.ee\/wp-content\/uploads\/2019\/05\/suvelaager3-1024x519.jpg\",\"contentUrl\":\"https:\/\/fcflora.ee\/wp-content\/uploads\/2019\/05\/suvelaager3-1024x519.jpg\"},{\"@type\":\"BreadcrumbList\",\"@id\":\"https:\/\/fcflora.ee\/en\/klubi-valjakud\/#breadcrumb\",\"itemListElement\":[{\"@type\":\"ListItem\",\"position\":1,\"name\":\"Home\",\"item\":\"https:\/\/fcflora.ee\/en\/avaleht\/\"},{\"@type\":\"ListItem\",\"position\":2,\"name\":\"V\u00e4ljakud\"}]},{\"@type\":\"WebSite\",\"@id\":\"https:\/\/fcflora.ee\/#website\",\"url\":\"https:\/\/fcflora.ee\/\",\"name\":\"FC Flora\",\"description\":\"Ametlik koduleht\",\"potentialAction\":[{\"@type\":\"SearchAction\",\"target\":{\"@type\":\"EntryPoint\",\"urlTemplate\":\"https:\/\/fcflora.ee\/?s={search_term_string}\"},\"query-input\":{\"@type\":\"PropertyValueSpecification\",\"valueRequired\":true,\"valueName\":\"search_term_string\"}}],\"inLanguage\":\"en-US\"}]}<\/script>\n<!-- \/ Yoast SEO plugin. -->","yoast_head_json":{"title":"V\u00e4ljakud &#8211; FC Flora","robots":{"index":"index","follow":"follow","max-snippet":"max-snippet:-1","max-image-preview":"max-image-preview:large","max-video-preview":"max-video-preview:-1"},"canonical":"https:\/\/fcflora.ee\/en\/klubi-valjakud\/","og_locale":"en_US","og_type":"article","og_title":"V\u00e4ljakud &#8211; FC Flora","og_description":"Treeningv\u00e4ljakute rentimine FC FLORA LILLEK\u00dcLA V\u00c4LJAKUD Jalgpalli tn 21, Tallinn2 naturaalmurukattega t\u00e4ism\u00f5\u00f5tmetes v\u00e4ljakut Need kaks v\u00e4ljakut kuuluvad FC Florale ning neid&nbsp;on v\u00f5imalik rentida treeninguteks, m\u00e4ngudeks, firma\u00fcritusteks jne. V\u00f5imalik on broneerida ka osa treeningv\u00e4ljakust, nt 1\/2 v\u00f5i 1\/4 muruv\u00e4ljakust. V\u00e4ljakute broneerimine ja hinnad kokkuleppel. Broneerimiseks ning t\u00e4psema informatsiooni saamiseks p\u00f6\u00f6rduge julgelt FC Flora kontorisse telefonil 627 [&hellip;]","og_url":"https:\/\/fcflora.ee\/en\/klubi-valjakud\/","og_site_name":"FC Flora","article_modified_time":"2025-10-21T20:26:15+00:00","og_image":[{"width":3696,"height":1872,"url":"https:\/\/fcflora.ee\/wp-content\/uploads\/2019\/05\/suvelaager3.jpg","type":"image\/jpeg"}],"twitter_card":"summary_large_image","twitter_misc":{"Est. reading time":"2 minutes"},"schema":{"@context":"https:\/\/schema.org","@graph":[{"@type":"WebPage","@id":"https:\/\/fcflora.ee\/en\/klubi-valjakud\/","url":"https:\/\/fcflora.ee\/en\/klubi-valjakud\/","name":"V\u00e4ljakud &#8211; FC Flora","isPartOf":{"@id":"https:\/\/fcflora.ee\/#website"},"primaryImageOfPage":{"@id":"https:\/\/fcflora.ee\/en\/klubi-valjakud\/#primaryimage"},"image":{"@id":"https:\/\/fcflora.ee\/en\/klubi-valjakud\/#primaryimage"},"thumbnailUrl":"https:\/\/fcflora.ee\/wp-content\/uploads\/2019\/05\/suvelaager3-1024x519.jpg","datePublished":"2019-03-11T10:52:34+00:00","dateModified":"2025-10-21T20:26:15+00:00","breadcrumb":{"@id":"https:\/\/fcflora.ee\/en\/klubi-valjakud\/#breadcrumb"},"inLanguage":"en-US","potentialAction":[{"@type":"ReadAction","target":["https:\/\/fcflora.ee\/en\/klubi-valjakud\/"]}]},{"@type":"ImageObject","inLanguage":"en-US","@id":"https:\/\/fcflora.ee\/en\/klubi-valjakud\/#primaryimage","url":"https:\/\/fcflora.ee\/wp-content\/uploads\/2019\/05\/suvelaager3-1024x519.jpg","contentUrl":"https:\/\/fcflora.ee\/wp-content\/uploads\/2019\/05\/suvelaager3-1024x519.jpg"},{"@type":"BreadcrumbList","@id":"https:\/\/fcflora.ee\/en\/klubi-valjakud\/#breadcrumb","itemListElement":[{"@type":"ListItem","position":1,"name":"Home","item":"https:\/\/fcflora.ee\/en\/avaleht\/"},{"@type":"ListItem","position":2,"name":"V\u00e4ljakud"}]},{"@type":"WebSite","@id":"https:\/\/fcflora.ee\/#website","url":"https:\/\/fcflora.ee\/","name":"FC Flora","description":"Ametlik koduleht","potentialAction":[{"@type":"SearchAction","target":{"@type":"EntryPoint","urlTemplate":"https:\/\/fcflora.ee\/?s={search_term_string}"},"query-input":{"@type":"PropertyValueSpecification","valueRequired":true,"valueName":"search_term_string"}}],"inLanguage":"en-US"}]}},"uagb_featured_image_src":{"full":false,"thumbnail":false,"medium":false,"medium_large":false,"large":false,"1536x1536":false,"2048x2048":false},"uagb_author_info":{"display_name":"Lauri Sibul","author_link":"https:\/\/fcflora.ee\/en\/author\/lauri\/"},"uagb_comment_info":0,"uagb_excerpt":"Treeningv\u00e4ljakute rentimine FC FLORA LILLEK\u00dcLA V\u00c4LJAKUD Jalgpalli tn 21, Tallinn2 naturaalmurukattega t\u00e4ism\u00f5\u00f5tmetes v\u00e4ljakut Need kaks v\u00e4ljakut kuuluvad FC Florale ning neid&nbsp;on v\u00f5imalik rentida treeninguteks, m\u00e4ngudeks, firma\u00fcritusteks jne. V\u00f5imalik on broneerida ka osa treeningv\u00e4ljakust, nt 1\/2 v\u00f5i 1\/4 muruv\u00e4ljakust. V\u00e4ljakute broneerimine ja hinnad kokkuleppel. Broneerimiseks ning t\u00e4psema informatsiooni saamiseks p\u00f6\u00f6rduge julgelt FC Flora kontorisse telefonil 627&hellip;","_links":{"self":[{"href":"https:\/\/fcflora.ee\/en\/wp-json\/wp\/v2\/pages\/1882","targetHints":{"allow":["GET"]}}],"collection":[{"href":"https:\/\/fcflora.ee\/en\/wp-json\/wp\/v2\/pages"}],"about":[{"href":"https:\/\/fcflora.ee\/en\/wp-json\/wp\/v2\/types\/page"}],"author":[{"embeddable":true,"href":"https:\/\/fcflora.ee\/en\/wp-json\/wp\/v2\/users\/5"}],"replies":[{"embeddable":true,"href":"https:\/\/fcflora.ee\/en\/wp-json\/wp\/v2\/comments?post=1882"}],"version-history":[{"count":3,"href":"https:\/\/fcflora.ee\/en\/wp-json\/wp\/v2\/pages\/1882\/revisions"}],"predecessor-version":[{"id":70925,"href":"https:\/\/fcflora.ee\/en\/wp-json\/wp\/v2\/pages\/1882\/revisions\/70925"}],"wp:attachment":[{"href":"https:\/\/fcflora.ee\/en\/wp-json\/wp\/v2\/media?parent=1882"}],"wp:term":[{"taxonomy":"category","embeddable":true,"href":"https:\/\/fcflora.ee\/en\/wp-json\/wp\/v2\/categories?post=1882"}],"curies":[{"name":"wp","href":"https:\/\/api.w.org\/{rel}","templated":true}]}}