{"id":1869,"date":"2019-03-11T12:50:44","date_gmt":"2019-03-11T10:50:44","guid":{"rendered":"https:\/\/dev.octa.ee\/fcflora\/klubi-vaartused\/"},"modified":"2019-04-08T11:33:25","modified_gmt":"2019-04-08T08:33:25","slug":"klubi-vaartused","status":"publish","type":"page","link":"https:\/\/fcflora.ee\/en\/klubi-vaartused\/","title":{"rendered":"V\u00e4\u00e4rtused"},"content":{"rendered":"\n<p>FC Flora\np\u00f5hiv\u00e4\u00e4rtused on<strong> AUSUS, T\u00d6\u00d6KUS, KIRGLIKKUS, TARKUS, USK<\/strong>, <strong>ARMASTUS, TERVIS,\nR\u00d5\u00d5M, JULGUS JA LOJAALSUS<\/strong>. <\/p>\n\n\n\n<p>Allpool on\nmeie v\u00e4\u00e4rtused pikemalt lahti kirjutatud: <\/p>\n\n\n\n<div class=\"wp-block-image\"><figure class=\"alignright is-resized\"><img loading=\"lazy\" decoding=\"async\" src=\"https:\/\/fcflora.ee\/wp-content\/uploads\/2019\/03\/flora_vaartused.jpg\" alt=\"\" class=\"wp-image-733\" width=\"479\" height=\"359\" srcset=\"https:\/\/fcflora.ee\/wp-content\/uploads\/2019\/03\/flora_vaartused.jpg 900w, https:\/\/fcflora.ee\/wp-content\/uploads\/2019\/03\/flora_vaartused-300x225.jpg 300w, https:\/\/fcflora.ee\/wp-content\/uploads\/2019\/03\/flora_vaartused-768x576.jpg 768w, https:\/\/fcflora.ee\/wp-content\/uploads\/2019\/03\/flora_vaartused-600x450.jpg 600w\" sizes=\"auto, (max-width: 479px) 100vw, 479px\" \/><\/figure><\/div>\n\n\n\n<h4 class=\"wp-block-heading\"><strong>AUSUS<\/strong><\/h4>\n\n\n\n<p><strong>Siirus<\/strong> \u2013 Ole oma tahtmistes ja tegemistes lihtne, heausklik, puhas ja aus.<\/p>\n\n\n\n<p><strong>Avatus<\/strong> \u2013 M\u00e4rka, taju, otsi, hangi, koge, ahmi \u2013 vaid nii saad sa \u00f5ppida ja areneda.<\/p>\n\n\n\n<p><strong>Teistega arvestamine<\/strong> \u2013 M\u00e4rka inimesi enda \u00fcmber, tunneta suhtlemisel nende vajadusi ja soove ning loo nendega usalduslik suhe. See n\u00f5uab sinult kannatlikkust ja armastust. Ole abivalmis.<\/p>\n\n\n\n<p><strong>Eetilisus<\/strong> \u2013 R\u00f5\u00f5musta kaaslasi oma k\u00e4itumise ja suhtumisega. Pea lugu klubi tavadest. <br>Kasvata iseennast paremaks inimeseks, nii aitad ka klubil paremaks kasvada.<\/p>\n\n\n\n<p><strong>L\u00e4bipaistvus<\/strong> \u2013 R\u00e4\u00e4gi t\u00f5tt, l\u00e4htu oma tegudes ja otsustes avatusest, selgusest, m\u00f5istetavusest ja eetilisusest. K\u00f5rvalda usalduse teelt takistused.<\/p>\n\n\n\n<h4 class=\"wp-block-heading\"><br><strong>T\u00d6\u00d6KUS<\/strong><\/h4>\n\n\n\n<p><strong>Kvaliteet<\/strong> \u2013 P\u00fc\u00fcdle\noma tegudes v\u00e4\u00e4rtuslikkuse hoidmise ja meisterlikkuse t\u00f5stmise poole. Keskendu\nsoorituse t\u00f5stmisele.<\/p>\n\n\n\n<p><strong>Algatusv\u00f5ime<\/strong> \u2013 Muuda\noma m\u00f5tted tegudeks. Ole loominguline, uuendusmeelne ja valmis v\u00f5tma riske.<\/p>\n\n\n\n<p><strong>Loovus<\/strong> \u2013 Luba\nendale eksida, julge k\u00e4ia uusi radu pidi \u2013 nii leiad uusi lahendusi. Kasuta oma\nkujutlusv\u00f5imet. Julge unistada ja avastada.<\/p>\n\n\n\n<p><strong>Meeskonnat\u00f6\u00f6<\/strong> \u2013 Tunne\nr\u00f5\u00f5mu \u00fchiselt korda saadetust.<\/p>\n\n\n\n<p><strong>Koost\u00f6\u00f6valmidus<\/strong> \u2013 S\u00e4ilita\ns\u00fcdamlikku huvi teiste seisukohtade vastu ja koge, et kaaslasi saab usaldada.\nV\u00f5ta eesm\u00e4rgiks vaimsuse ja \u00fchtekuuluvustunde\/identiteeditunde tekitamine.<\/p>\n\n\n\n<p><strong>T\u00e4psus<\/strong> \u2013 Ole\nt\u00e4pne, s\u00e4ilita sisemine tasakaal. Pea kinni kokkulepetest ning lubadustest.<br>\n<strong>Enesedistsipliin<\/strong> \u2013 Anna endale k\u00e4sklusi ja p\u00fc\u00fca neid t\u00e4ita.\nEnesedistsipliiniga saavutad r\u00f5\u00f5mu ja rahulolu.<\/p>\n\n\n\n<p><strong>Korrahoidmine<\/strong> \u2013 Hoia\noma asju ja sind \u00fcmbritsevat korras ja puhtana, see aitab paremini tegemistele\nkeskenduda.<\/p>\n\n\n\n<p><strong>Keskendumisv\u00f5ime<\/strong> \u2013 Koonda oma m\u00f5tted ja tahe \u00fchele tegevusele, v\u00f5ta end sisemiselt kokku. Keskendumisest tulenev seesmine rahu on isiksuse kui terviku arengu eelduseks.<\/p>\n\n\n\n<p><strong>M\u00e4ngureeglid <\/strong>\u2013 Tea, et arenemise, kasvamise, loomise ja loovuse, avastamise, teostamise, \u00f5ppimise ja m\u00e4ngimise eelduseks on m\u00e4ngureeglid, kokkulepped, konsensus ja kompromissid.<\/p>\n\n\n\n<h4 class=\"wp-block-heading\"><strong>KIRGLIKKUS<\/strong><\/h4>\n\n\n\n<p><strong>Tahe<\/strong> \u2013 P\u00fc\u00fca sihiteadlikult oma valikuid ja m\u00f5tteid teoks teha.<\/p>\n\n\n\n<p><strong>Ind<\/strong> \u2013 Saa\nhoogu tegutsemissoovist, ole laetud tahtest ning kantud elur\u00f5\u00f5msatest\nhoiakutest.<\/p>\n\n\n\n<p><strong>Klubiuhkus<\/strong> \u2013 Tunne\nr\u00f5\u00f5mu inimeste \u00fcle, kellest oled \u00fcmbritsetud ja klubist, kuhu kuulud.\nKlubiuhkus on p\u00fchendumise aluseks.<\/p>\n\n\n\n<p><strong>M\u00f5istlikkus<\/strong> \u2013 Kasuta\noma teadlikkust, m\u00e4rka n\u00e4htusi, mis toimuvad su kehas \u2013 m\u00f5tted, hirmud, ihad,\nemotsioonid. Tee kindlaks need n\u00e4htused, mis suudavad su elu m\u00e4rkimisv\u00e4\u00e4rselt\nmuuta.<\/p>\n\n\n\n<h4 class=\"wp-block-heading\"><strong>TARKUS<\/strong><\/h4>\n\n\n\n<p><strong>Teadmised<\/strong> \u2013 Tarkus rajab teed uute v\u00f5imalusteni ja v\u00f5imaldab sul m\u00e4ngida seda m\u00e4ngu k\u00f5rgemal tasemel. M\u00f5tle ruumiliselt, m\u00f5tle suurelt. Tunne siirast huvi uute teadmiste vastu.<\/p>\n\n\n\n<p><strong>Oskused<\/strong> \u2013 Usu iseendasse, usu oma v\u00f5imetesse. Luba oma tugevatel k\u00fclgedel avalduda ja tunnista oma n\u00f5rkusi. <\/p>\n\n\n\n<p><strong>Adekvaatsus<\/strong> \u2013 Tunne\noma taset, hoidu hinnangute andmisest. <\/p>\n\n\n\n<p><strong>Kogemused<\/strong> \u2013\nV\u00e4\u00e4rtusta l\u00e4bielatud hetki, otsi eba\u00f5nnestumistes pigem v\u00f5imalusi kui ohte.\nTaju vaimse k\u00fcpsemise t\u00f5elist s\u00e4ra.<\/p>\n\n\n\n<p><strong>Paindlikkus<\/strong> \u2013 Kohanda\noma emotsioone, m\u00f5tteid ja k\u00e4itumist vastavalt muutuvatele olukordadele ja\ntingimustele. <\/p>\n\n\n\n<p><strong>M\u00f5testatus<\/strong> \u2013 \u00d5pi\nvaatama asju laiemalt. M\u00f5testa ning defineeri nende asjade sisuline t\u00e4hendus,\nmis kannavad sinu jaoks v\u00e4\u00e4rtust.<\/p>\n\n\n\n<p><strong>Sihikindlus\n<\/strong>\u2013\nSea endale selged ja innustavad sihid, ole p\u00fcsiv, julge ja kannatlik. Eesm\u00e4rk\nm\u00e4\u00e4rab arengu, selleks tuleb end ise h\u00e4\u00e4lestada.<\/p>\n\n\n\n<h4 class=\"wp-block-heading\"><strong>USK<\/strong><\/h4>\n\n\n\n<p><strong>Klubitruudus<\/strong> \u2013 L\u00e4htu\noma otsustes eetilistest t\u00f5ekspidamistest, sea ustavus klubile k\u00f5rgemaks kui\nisiklikud ambitsioonid.&nbsp; <\/p>\n\n\n\n<h4 class=\"wp-block-heading\"><strong>ARMASTUS<\/strong><\/h4>\n\n\n\n<p><strong>\u00d5ilsameelsus<\/strong> \u2013 Ole oma\nk\u00e4itumises ja otsustes \u00f5iglane. Kohtle teisi nii, nagu sa soovid, et sind\nkoheldaks.<br>\n<br>\n<\/p>\n\n\n\n<h4 class=\"wp-block-heading\"><strong>TERVIS<\/strong><\/h4>\n\n\n\n<p><strong>Kehaline\naktiivsus<\/strong> \u2013 Tunne ise r\u00f5\u00f5mu liikumisest ja s\u00fctita teisigi oma eeskujuga.\nTerves kehas terve vaim.<\/p>\n\n\n\n<p><strong>Kehateadlikkus<\/strong> \u2013 Kuula\noma keha, \u00f5pi tundma tema vajadusi. Tea, et keha talletab k\u00f5ik, mida teed,\ntunned v\u00f5i m\u00f5tled. P\u00fc\u00fcdle keha ja vaimu \u00fchtsuse poole. L\u00e4htu oma sisemistest\nvajadustest, mitte v\u00e4listest.<\/p>\n\n\n\n<p><strong>Toitumine<\/strong> \u2013 Sa oled\nsee, mida s\u00f6\u00f6d. Oma toidulauda koostades l\u00e4htu neljast p\u00f5him\u00f5ttest:\ntasakaalustatus, mitmekesisus, m\u00f5\u00f5dukus ja vajadustele vastavus.<\/p>\n\n\n\n<p><strong>Puhkus<\/strong> \u2013 Kujunda endale head uneharjumused ja p\u00e4evar\u00fctm. Nii t\u00f5stad sa oma keskendumisv\u00f5imet ja p\u00fcsid eemal haigustest. Puhkamine kaitseb su keha ja hoiab su meeli.<br><\/p>\n\n\n\n<p><strong>Puhtus<\/strong> \u2013 Kujunda endas head harjumused. Hoia oma keha puutumatuna meelem\u00fcrkidest. Sinu suurim vara on sinu tervis, \u00fckski karikas ega v\u00f5it ei oma suuremat v\u00e4\u00e4rtust. Doping kahjustab spordi aluseks olevat liikumisr\u00f5\u00f5mu ja inimeste \u00fchist p\u00fc\u00fcdlust sportliku t\u00e4iuslikkuse poole.<\/p>\n\n\n\n<h4 class=\"wp-block-heading\"><strong>R\u00d5\u00d5M<\/strong><\/h4>\n\n\n\n<p><strong>M\u00e4ngur\u00f5\u00f5m<\/strong> \u2013 Tunne\nr\u00f5\u00f5mu oma tegevusest, see suurendab sinu motivatsiooni, keskendumist ning\nenergiat. M\u00e4ng t\u00e4hendab fantaasiat, vabadust, koost\u00f6\u00f6d. M\u00e4ngulisus innustab\nloovalt m\u00f5tlema.<\/p>\n\n\n\n<h4 class=\"wp-block-heading\"><strong>JULGUS<\/strong><\/h4>\n\n\n\n<p><strong>Vastutustunne<\/strong> \u2013 Julge\nv\u00f5tta vastutust, see on kvaliteedi tagamise eelduseks.<\/p>\n\n\n\n<h4 class=\"wp-block-heading\"><strong>LOJAALSUS<\/strong><br><\/h4>\n\n\n\n<p><strong>Austus<\/strong> \u2013 Suhtu lugupidavalt inimestesse, kellest oled \u00fcmbritsetud; keskkonda, kus viibid; ja iseendasse. Nii p\u00e4lvid teiste austuse.<\/p>\n\n\n\n<p><strong>Usaldus<\/strong> \u2013 Uuenda,\ntaasta, kasvata ja hoia oma usaldust ning oma usaldusv\u00e4\u00e4rsust. <\/p>\n\n\n\n<p><strong>Hoolivus<\/strong> \u2013 Aita,\ntoeta, tunnusta teisi \u2013 nii kannad nende eest hoolt. Tark hoiab hoolivust nagu\nkallimat vara, hoolivus valmistab talle r\u00f5\u00f5mu. Hooli ka iseendast.<\/p>\n\n\n\n<p><strong>P\u00fchendumine\n<\/strong>\u2013\nAstu teadlikult ja veendunult valitud teel. Sa saad olla suurep\u00e4rane vaid\nselles, millele suudad p\u00fchenduda.<\/p>\n\n\n\n<p><strong>Suuremeelsus\n<\/strong>\u2013\nTaju oma suuruse tegelikku v\u00e4iksust. Nii annad oma teadmistele v\u00e4\u00e4rtuse.<br>\n<br>\n<\/p>\n","protected":false},"excerpt":{"rendered":"<p>FC Flora p\u00f5hiv\u00e4\u00e4rtused on AUSUS, T\u00d6\u00d6KUS, KIRGLIKKUS, TARKUS, USK, ARMASTUS, TERVIS, R\u00d5\u00d5M, JULGUS JA LOJAALSUS. Allpool on meie v\u00e4\u00e4rtused pikemalt lahti kirjutatud: AUSUS Siirus \u2013 Ole oma tahtmistes ja tegemistes lihtne, heausklik, puhas ja aus. Avatus \u2013 M\u00e4rka, taju, otsi, hangi, koge, ahmi \u2013 vaid nii saad sa \u00f5ppida ja areneda. Teistega arvestamine \u2013 M\u00e4rka [&hellip;]<\/p>\n","protected":false},"author":5,"featured_media":0,"parent":0,"menu_order":0,"comment_status":"closed","ping_status":"closed","template":"","meta":{"_acf_changed":false,"_uag_custom_page_level_css":"","_exactmetrics_skip_tracking":false,"_exactmetrics_sitenote_active":false,"_exactmetrics_sitenote_note":"","_exactmetrics_sitenote_category":0,"footnotes":""},"categories":[17186],"class_list":["post-1869","page","type-page","status-publish","hentry","category-club"],"acf":[],"yoast_head":"<!-- This site is optimized with the Yoast SEO plugin v24.0 - https:\/\/yoast.com\/wordpress\/plugins\/seo\/ -->\n<title>V\u00e4\u00e4rtused &#8211; FC Flora<\/title>\n<meta name=\"robots\" content=\"index, follow, max-snippet:-1, max-image-preview:large, max-video-preview:-1\" \/>\n<link rel=\"canonical\" href=\"https:\/\/fcflora.ee\/en\/klubi-vaartused\/\" \/>\n<meta property=\"og:locale\" content=\"en_US\" \/>\n<meta property=\"og:type\" content=\"article\" \/>\n<meta property=\"og:title\" content=\"V\u00e4\u00e4rtused &#8211; FC Flora\" \/>\n<meta property=\"og:description\" content=\"FC Flora p\u00f5hiv\u00e4\u00e4rtused on AUSUS, T\u00d6\u00d6KUS, KIRGLIKKUS, TARKUS, USK, ARMASTUS, TERVIS, R\u00d5\u00d5M, JULGUS JA LOJAALSUS. Allpool on meie v\u00e4\u00e4rtused pikemalt lahti kirjutatud: AUSUS Siirus \u2013 Ole oma tahtmistes ja tegemistes lihtne, heausklik, puhas ja aus. Avatus \u2013 M\u00e4rka, taju, otsi, hangi, koge, ahmi \u2013 vaid nii saad sa \u00f5ppida ja areneda. Teistega arvestamine \u2013 M\u00e4rka [&hellip;]\" \/>\n<meta property=\"og:url\" content=\"https:\/\/fcflora.ee\/en\/klubi-vaartused\/\" \/>\n<meta property=\"og:site_name\" content=\"FC Flora\" \/>\n<meta property=\"article:modified_time\" content=\"2019-04-08T08:33:25+00:00\" \/>\n<meta property=\"og:image\" content=\"https:\/\/fcflora.ee\/wp-content\/uploads\/2019\/03\/flora_vaartused.jpg\" \/>\n<meta name=\"twitter:card\" content=\"summary_large_image\" \/>\n<meta name=\"twitter:label1\" content=\"Est. reading time\" \/>\n\t<meta name=\"twitter:data1\" content=\"4 minutes\" \/>\n<script type=\"application\/ld+json\" class=\"yoast-schema-graph\">{\"@context\":\"https:\/\/schema.org\",\"@graph\":[{\"@type\":\"WebPage\",\"@id\":\"https:\/\/fcflora.ee\/en\/klubi-vaartused\/\",\"url\":\"https:\/\/fcflora.ee\/en\/klubi-vaartused\/\",\"name\":\"V\u00e4\u00e4rtused &#8211; FC Flora\",\"isPartOf\":{\"@id\":\"https:\/\/fcflora.ee\/#website\"},\"primaryImageOfPage\":{\"@id\":\"https:\/\/fcflora.ee\/en\/klubi-vaartused\/#primaryimage\"},\"image\":{\"@id\":\"https:\/\/fcflora.ee\/en\/klubi-vaartused\/#primaryimage\"},\"thumbnailUrl\":\"https:\/\/fcflora.ee\/wp-content\/uploads\/2019\/03\/flora_vaartused.jpg\",\"datePublished\":\"2019-03-11T10:50:44+00:00\",\"dateModified\":\"2019-04-08T08:33:25+00:00\",\"breadcrumb\":{\"@id\":\"https:\/\/fcflora.ee\/en\/klubi-vaartused\/#breadcrumb\"},\"inLanguage\":\"en-US\",\"potentialAction\":[{\"@type\":\"ReadAction\",\"target\":[\"https:\/\/fcflora.ee\/en\/klubi-vaartused\/\"]}]},{\"@type\":\"ImageObject\",\"inLanguage\":\"en-US\",\"@id\":\"https:\/\/fcflora.ee\/en\/klubi-vaartused\/#primaryimage\",\"url\":\"https:\/\/fcflora.ee\/wp-content\/uploads\/2019\/03\/flora_vaartused.jpg\",\"contentUrl\":\"https:\/\/fcflora.ee\/wp-content\/uploads\/2019\/03\/flora_vaartused.jpg\"},{\"@type\":\"BreadcrumbList\",\"@id\":\"https:\/\/fcflora.ee\/en\/klubi-vaartused\/#breadcrumb\",\"itemListElement\":[{\"@type\":\"ListItem\",\"position\":1,\"name\":\"Home\",\"item\":\"https:\/\/fcflora.ee\/en\/avaleht\/\"},{\"@type\":\"ListItem\",\"position\":2,\"name\":\"V\u00e4\u00e4rtused\"}]},{\"@type\":\"WebSite\",\"@id\":\"https:\/\/fcflora.ee\/#website\",\"url\":\"https:\/\/fcflora.ee\/\",\"name\":\"FC Flora\",\"description\":\"Ametlik koduleht\",\"potentialAction\":[{\"@type\":\"SearchAction\",\"target\":{\"@type\":\"EntryPoint\",\"urlTemplate\":\"https:\/\/fcflora.ee\/?s={search_term_string}\"},\"query-input\":{\"@type\":\"PropertyValueSpecification\",\"valueRequired\":true,\"valueName\":\"search_term_string\"}}],\"inLanguage\":\"en-US\"}]}<\/script>\n<!-- \/ Yoast SEO plugin. -->","yoast_head_json":{"title":"V\u00e4\u00e4rtused &#8211; FC Flora","robots":{"index":"index","follow":"follow","max-snippet":"max-snippet:-1","max-image-preview":"max-image-preview:large","max-video-preview":"max-video-preview:-1"},"canonical":"https:\/\/fcflora.ee\/en\/klubi-vaartused\/","og_locale":"en_US","og_type":"article","og_title":"V\u00e4\u00e4rtused &#8211; FC Flora","og_description":"FC Flora p\u00f5hiv\u00e4\u00e4rtused on AUSUS, T\u00d6\u00d6KUS, KIRGLIKKUS, TARKUS, USK, ARMASTUS, TERVIS, R\u00d5\u00d5M, JULGUS JA LOJAALSUS. Allpool on meie v\u00e4\u00e4rtused pikemalt lahti kirjutatud: AUSUS Siirus \u2013 Ole oma tahtmistes ja tegemistes lihtne, heausklik, puhas ja aus. Avatus \u2013 M\u00e4rka, taju, otsi, hangi, koge, ahmi \u2013 vaid nii saad sa \u00f5ppida ja areneda. Teistega arvestamine \u2013 M\u00e4rka [&hellip;]","og_url":"https:\/\/fcflora.ee\/en\/klubi-vaartused\/","og_site_name":"FC Flora","article_modified_time":"2019-04-08T08:33:25+00:00","og_image":[{"url":"https:\/\/fcflora.ee\/wp-content\/uploads\/2019\/03\/flora_vaartused.jpg","type":"","width":"","height":""}],"twitter_card":"summary_large_image","twitter_misc":{"Est. reading time":"4 minutes"},"schema":{"@context":"https:\/\/schema.org","@graph":[{"@type":"WebPage","@id":"https:\/\/fcflora.ee\/en\/klubi-vaartused\/","url":"https:\/\/fcflora.ee\/en\/klubi-vaartused\/","name":"V\u00e4\u00e4rtused &#8211; FC Flora","isPartOf":{"@id":"https:\/\/fcflora.ee\/#website"},"primaryImageOfPage":{"@id":"https:\/\/fcflora.ee\/en\/klubi-vaartused\/#primaryimage"},"image":{"@id":"https:\/\/fcflora.ee\/en\/klubi-vaartused\/#primaryimage"},"thumbnailUrl":"https:\/\/fcflora.ee\/wp-content\/uploads\/2019\/03\/flora_vaartused.jpg","datePublished":"2019-03-11T10:50:44+00:00","dateModified":"2019-04-08T08:33:25+00:00","breadcrumb":{"@id":"https:\/\/fcflora.ee\/en\/klubi-vaartused\/#breadcrumb"},"inLanguage":"en-US","potentialAction":[{"@type":"ReadAction","target":["https:\/\/fcflora.ee\/en\/klubi-vaartused\/"]}]},{"@type":"ImageObject","inLanguage":"en-US","@id":"https:\/\/fcflora.ee\/en\/klubi-vaartused\/#primaryimage","url":"https:\/\/fcflora.ee\/wp-content\/uploads\/2019\/03\/flora_vaartused.jpg","contentUrl":"https:\/\/fcflora.ee\/wp-content\/uploads\/2019\/03\/flora_vaartused.jpg"},{"@type":"BreadcrumbList","@id":"https:\/\/fcflora.ee\/en\/klubi-vaartused\/#breadcrumb","itemListElement":[{"@type":"ListItem","position":1,"name":"Home","item":"https:\/\/fcflora.ee\/en\/avaleht\/"},{"@type":"ListItem","position":2,"name":"V\u00e4\u00e4rtused"}]},{"@type":"WebSite","@id":"https:\/\/fcflora.ee\/#website","url":"https:\/\/fcflora.ee\/","name":"FC Flora","description":"Ametlik koduleht","potentialAction":[{"@type":"SearchAction","target":{"@type":"EntryPoint","urlTemplate":"https:\/\/fcflora.ee\/?s={search_term_string}"},"query-input":{"@type":"PropertyValueSpecification","valueRequired":true,"valueName":"search_term_string"}}],"inLanguage":"en-US"}]}},"uagb_featured_image_src":{"full":false,"thumbnail":false,"medium":false,"medium_large":false,"large":false,"1536x1536":false,"2048x2048":false},"uagb_author_info":{"display_name":"Lauri Sibul","author_link":"https:\/\/fcflora.ee\/en\/author\/lauri\/"},"uagb_comment_info":0,"uagb_excerpt":"FC Flora p\u00f5hiv\u00e4\u00e4rtused on AUSUS, T\u00d6\u00d6KUS, KIRGLIKKUS, TARKUS, USK, ARMASTUS, TERVIS, R\u00d5\u00d5M, JULGUS JA LOJAALSUS. Allpool on meie v\u00e4\u00e4rtused pikemalt lahti kirjutatud: AUSUS Siirus \u2013 Ole oma tahtmistes ja tegemistes lihtne, heausklik, puhas ja aus. Avatus \u2013 M\u00e4rka, taju, otsi, hangi, koge, ahmi \u2013 vaid nii saad sa \u00f5ppida ja areneda. Teistega arvestamine \u2013 M\u00e4rka&hellip;","_links":{"self":[{"href":"https:\/\/fcflora.ee\/en\/wp-json\/wp\/v2\/pages\/1869","targetHints":{"allow":["GET"]}}],"collection":[{"href":"https:\/\/fcflora.ee\/en\/wp-json\/wp\/v2\/pages"}],"about":[{"href":"https:\/\/fcflora.ee\/en\/wp-json\/wp\/v2\/types\/page"}],"author":[{"embeddable":true,"href":"https:\/\/fcflora.ee\/en\/wp-json\/wp\/v2\/users\/5"}],"replies":[{"embeddable":true,"href":"https:\/\/fcflora.ee\/en\/wp-json\/wp\/v2\/comments?post=1869"}],"version-history":[{"count":0,"href":"https:\/\/fcflora.ee\/en\/wp-json\/wp\/v2\/pages\/1869\/revisions"}],"wp:attachment":[{"href":"https:\/\/fcflora.ee\/en\/wp-json\/wp\/v2\/media?parent=1869"}],"wp:term":[{"taxonomy":"category","embeddable":true,"href":"https:\/\/fcflora.ee\/en\/wp-json\/wp\/v2\/categories?post=1869"}],"curies":[{"name":"wp","href":"https:\/\/api.w.org\/{rel}","templated":true}]}}