{"id":1858,"date":"2019-03-11T12:40:29","date_gmt":"2019-03-11T10:40:29","guid":{"rendered":"https:\/\/dev.octa.ee\/fcflora\/naiskond-esindus-treenerid\/"},"modified":"2026-03-26T21:52:19","modified_gmt":"2026-03-26T19:52:19","slug":"naiskond-treenerid","status":"publish","type":"page","link":"https:\/\/fcflora.ee\/en\/naiskond-treenerid\/","title":{"rendered":"Treenerid"},"content":{"rendered":"\n<div class=\"wp-block-columns has-2-columns is-layout-flex wp-container-core-columns-is-layout-1 wp-block-columns-is-layout-flex\">\n<div class=\"wp-block-column is-layout-flow wp-block-column-is-layout-flow\">        <div class=\"my-4 row\" style=\"height: auto; max-width: 750px;\">\n            <div class=\"d-flex flex-column justify-content-end flex-wrap col-md-6\" style=\"min-height: 400px; background: url('https:\/\/fcflora.ee\/wp-content\/uploads\/2026\/03\/Eensoo-removebg-preview.png'); background-size: cover; background-position: top; background-color: #EDEDED;\">\n                <div class=\"text-light px-3 py-2 pt-4\" style=\"position: absolute; bottom: 0; width: 100%; background: linear-gradient(transparent, rgba(0,0,0,.75)\">\n                    <p class=\"m-0\" style=\"font-size: 25px;\">Karl-Sander <b>Eensoo<\/b><\/p>\n                    <p class=\"small font-weight-bold m-0 text-upercase\">HEAD COACH<\/p>\n                    <hr style=\"border-top: 1px solid rgba(255,255,255,.5)\">\n                    <p class=\"m-0\"><i class=\"fa fa-envelope-o\" aria-hidden=\"true\"><\/i> karlsander@fcflora.ee<\/p>                <\/div>\n            <\/div>\n            <div class=\"col-md-6 bg-white p-4 d-flex flex-column justify-content-between\" style=\"\">\n                                <p class=\"m-0 mb-4\">\n                                    <\/p>\n                <table class=\"mx-2\">\n                    <tr><td><b>Birthday<\/b><\/td><td>23.08.1996<\/td><\/tr><tr><td><b>Nationality<\/b><\/td><td>Estonian<\/td><\/tr><tr><td><b>Started<\/b><\/td><td>2019<\/td><\/tr><tr><td><b>Licence<\/b><\/td><td>UEFA A<\/td><\/tr>                <\/table>\n\n            <\/div>\n        <\/div>\n    \n\n\n        <div class=\"my-4 row\" style=\"height: auto; max-width: 750px;\">\n            <div class=\"d-flex flex-column justify-content-end flex-wrap col-md-6\" style=\"min-height: 400px; background: url('https:\/\/fcflora.ee\/wp-content\/uploads\/2026\/03\/Traublum-removebg-preview.png'); background-size: cover; background-position: top; background-color: #EDEDED;\">\n                <div class=\"text-light px-3 py-2 pt-4\" style=\"position: absolute; bottom: 0; width: 100%; background: linear-gradient(transparent, rgba(0,0,0,.75)\">\n                    <p class=\"m-0\" style=\"font-size: 25px;\">Mattias <b>Traublum<\/b><\/p>\n                    <p class=\"small font-weight-bold m-0 text-upercase\">GOALKEEPER COACH<\/p>\n                    <hr style=\"border-top: 1px solid rgba(255,255,255,.5)\">\n                                    <\/div>\n            <\/div>\n            <div class=\"col-md-6 bg-white p-4 d-flex flex-column justify-content-between\" style=\"\">\n                                <p class=\"m-0 mb-4\">\n                                    <\/p>\n                <table class=\"mx-2\">\n                    <tr><td><b>Birthday<\/b><\/td><td>10.07.1993<\/td><\/tr><tr><td><b>Nationality<\/b><\/td><td>Estonian<\/td><\/tr><tr><td><b>Started<\/b><\/td><td>2022<\/td><\/tr><tr><td><b>Licence<\/b><\/td><td>UEFA C<\/td><\/tr>                <\/table>\n\n            <\/div>\n        <\/div>\n    \n\n\n<\/div>\n\n\n\n<div class=\"wp-block-column is-layout-flow wp-block-column-is-layout-flow\">        <div class=\"my-4 row\" style=\"height: auto; max-width: 750px;\">\n            <div class=\"d-flex flex-column justify-content-end flex-wrap col-md-6\" style=\"min-height: 400px; background: url('https:\/\/fcflora.ee\/wp-content\/uploads\/2024\/03\/53581963117_4b94af2b79_k.jpg'); background-size: cover; background-position: top; background-color: #EDEDED;\">\n                <div class=\"text-light px-3 py-2 pt-4\" style=\"position: absolute; bottom: 0; width: 100%; background: linear-gradient(transparent, rgba(0,0,0,.75)\">\n                    <p class=\"m-0\" style=\"font-size: 25px;\">Ljubov <b>Maksimova<\/b><\/p>\n                    <p class=\"small font-weight-bold m-0 text-upercase\">ASSISTANT COACH<\/p>\n                    <hr style=\"border-top: 1px solid rgba(255,255,255,.5)\">\n                    <p class=\"m-0\"><i class=\"fa fa-envelope-o\" aria-hidden=\"true\"><\/i> ljubov@fcflora.ee<\/p><p><i class=\"fa fa-phone\" aria-hidden=\"true\"><\/i> 5817 8407<\/p>                <\/div>\n            <\/div>\n            <div class=\"col-md-6 bg-white p-4 d-flex flex-column justify-content-between\" style=\"\">\n                                <p class=\"m-0 mb-4\">\n                                    <\/p>\n                <table class=\"mx-2\">\n                    <tr><td><b>Birthday<\/b><\/td><td>03.09.1993<\/td><\/tr><tr><td><b>Nationality<\/b><\/td><td>Estonian<\/td><\/tr><tr><td><b>Started<\/b><\/td><td>2021<\/td><\/tr><tr><td><b>Licence<\/b><\/td><td>UEFA B<\/td><\/tr>                <\/table>\n\n            <\/div>\n        <\/div>\n    \n\n\n        <div class=\"my-4 row\" style=\"height: auto; max-width: 750px;\">\n            <div class=\"d-flex flex-column justify-content-end flex-wrap col-md-6\" style=\"min-height: 400px; background: url('https:\/\/fcflora.ee\/wp-content\/uploads\/2026\/03\/Linnuste.png'); background-size: cover; background-position: top; background-color: #EDEDED;\">\n                <div class=\"text-light px-3 py-2 pt-4\" style=\"position: absolute; bottom: 0; width: 100%; background: linear-gradient(transparent, rgba(0,0,0,.75)\">\n                    <p class=\"m-0\" style=\"font-size: 25px;\">Anette Laureen <b>Linnuste<\/b><\/p>\n                    <p class=\"small font-weight-bold m-0 text-upercase\">PHYSIOTHERAPIST<\/p>\n                    <hr style=\"border-top: 1px solid rgba(255,255,255,.5)\">\n                                    <\/div>\n            <\/div>\n            <div class=\"col-md-6 bg-white p-4 d-flex flex-column justify-content-between\" style=\"\">\n                                <p class=\"m-0 mb-4\">\n                                     <\/p>\n                <table class=\"mx-2\">\n                    <tr><td><b>Birthday<\/b><\/td><td>19.02.2002<\/td><\/tr><tr><td><b>Birthplace<\/b><\/td><td>Tartu<\/td><\/tr><tr><td><b>Nationality<\/b><\/td><td>Estonian<\/td><\/tr><tr><td><b>Started<\/b><\/td><td>2025<\/td><\/tr>                <\/table>\n\n            <\/div>\n        <\/div>\n    \n\n\n<\/div>\n<\/div>\n\n\n\n<p><strong>Esmasp\u00e4ev: <\/strong>18:15 &#8211; 20:00, Lillek\u00fcla jalgpallikompleksis<\/p>\n\n\n\n<p><strong>Teisip\u00e4ev: <\/strong>18:15 &#8211; 20:00, Lillek\u00fcla jalgpallikompleksis<\/p>\n\n\n\n<p><strong>Kolmap\u00e4ev: <\/strong>18:15 &#8211; 20:00, Lillek\u00fcla jalgpallikompleksis<\/p>\n\n\n\n<p><strong>Reede: <\/strong>18:30 &#8211; 20:00, Lillek\u00fcla jalgpallikompleksis<\/p>\n\n\n\n<p><\/p>\n","protected":false},"excerpt":{"rendered":"<p>Esmasp\u00e4ev: 18:15 &#8211; 20:00, Lillek\u00fcla jalgpallikompleksis Teisip\u00e4ev: 18:15 &#8211; 20:00, Lillek\u00fcla jalgpallikompleksis Kolmap\u00e4ev: 18:15 &#8211; 20:00, Lillek\u00fcla jalgpallikompleksis Reede: 18:30 &#8211; 20:00, Lillek\u00fcla jalgpallikompleksis<\/p>\n","protected":false},"author":5,"featured_media":0,"parent":0,"menu_order":0,"comment_status":"closed","ping_status":"closed","template":"","meta":{"_acf_changed":false,"_uag_custom_page_level_css":"","_exactmetrics_skip_tracking":false,"_exactmetrics_sitenote_active":false,"_exactmetrics_sitenote_note":"","_exactmetrics_sitenote_category":0,"footnotes":""},"categories":[17188],"class_list":["post-1858","page","type-page","status-publish","hentry","category-women"],"acf":[],"yoast_head":"<!-- This site is optimized with the Yoast SEO plugin v24.0 - https:\/\/yoast.com\/wordpress\/plugins\/seo\/ -->\n<title>Treenerid &#8211; FC Flora<\/title>\n<meta name=\"robots\" content=\"index, follow, max-snippet:-1, max-image-preview:large, max-video-preview:-1\" \/>\n<link rel=\"canonical\" href=\"https:\/\/fcflora.ee\/en\/naiskond-treenerid\/\" \/>\n<meta property=\"og:locale\" content=\"en_US\" \/>\n<meta property=\"og:type\" content=\"article\" \/>\n<meta property=\"og:title\" content=\"Treenerid &#8211; FC Flora\" \/>\n<meta property=\"og:description\" content=\"Esmasp\u00e4ev: 18:15 &#8211; 20:00, Lillek\u00fcla jalgpallikompleksis Teisip\u00e4ev: 18:15 &#8211; 20:00, Lillek\u00fcla jalgpallikompleksis Kolmap\u00e4ev: 18:15 &#8211; 20:00, Lillek\u00fcla jalgpallikompleksis Reede: 18:30 &#8211; 20:00, Lillek\u00fcla jalgpallikompleksis\" \/>\n<meta property=\"og:url\" content=\"https:\/\/fcflora.ee\/en\/naiskond-treenerid\/\" \/>\n<meta property=\"og:site_name\" content=\"FC Flora\" \/>\n<meta property=\"article:modified_time\" content=\"2026-03-26T19:52:19+00:00\" \/>\n<meta name=\"twitter:card\" content=\"summary_large_image\" \/>\n<script type=\"application\/ld+json\" class=\"yoast-schema-graph\">{\"@context\":\"https:\/\/schema.org\",\"@graph\":[{\"@type\":\"WebPage\",\"@id\":\"https:\/\/fcflora.ee\/en\/naiskond-treenerid\/\",\"url\":\"https:\/\/fcflora.ee\/en\/naiskond-treenerid\/\",\"name\":\"Treenerid &#8211; FC Flora\",\"isPartOf\":{\"@id\":\"https:\/\/fcflora.ee\/#website\"},\"datePublished\":\"2019-03-11T10:40:29+00:00\",\"dateModified\":\"2026-03-26T19:52:19+00:00\",\"breadcrumb\":{\"@id\":\"https:\/\/fcflora.ee\/en\/naiskond-treenerid\/#breadcrumb\"},\"inLanguage\":\"en-US\",\"potentialAction\":[{\"@type\":\"ReadAction\",\"target\":[\"https:\/\/fcflora.ee\/en\/naiskond-treenerid\/\"]}]},{\"@type\":\"BreadcrumbList\",\"@id\":\"https:\/\/fcflora.ee\/en\/naiskond-treenerid\/#breadcrumb\",\"itemListElement\":[{\"@type\":\"ListItem\",\"position\":1,\"name\":\"Home\",\"item\":\"https:\/\/fcflora.ee\/en\/avaleht\/\"},{\"@type\":\"ListItem\",\"position\":2,\"name\":\"Treenerid\"}]},{\"@type\":\"WebSite\",\"@id\":\"https:\/\/fcflora.ee\/#website\",\"url\":\"https:\/\/fcflora.ee\/\",\"name\":\"FC Flora\",\"description\":\"Ametlik koduleht\",\"potentialAction\":[{\"@type\":\"SearchAction\",\"target\":{\"@type\":\"EntryPoint\",\"urlTemplate\":\"https:\/\/fcflora.ee\/?s={search_term_string}\"},\"query-input\":{\"@type\":\"PropertyValueSpecification\",\"valueRequired\":true,\"valueName\":\"search_term_string\"}}],\"inLanguage\":\"en-US\"}]}<\/script>\n<!-- \/ Yoast SEO plugin. -->","yoast_head_json":{"title":"Treenerid &#8211; FC Flora","robots":{"index":"index","follow":"follow","max-snippet":"max-snippet:-1","max-image-preview":"max-image-preview:large","max-video-preview":"max-video-preview:-1"},"canonical":"https:\/\/fcflora.ee\/en\/naiskond-treenerid\/","og_locale":"en_US","og_type":"article","og_title":"Treenerid &#8211; FC Flora","og_description":"Esmasp\u00e4ev: 18:15 &#8211; 20:00, Lillek\u00fcla jalgpallikompleksis Teisip\u00e4ev: 18:15 &#8211; 20:00, Lillek\u00fcla jalgpallikompleksis Kolmap\u00e4ev: 18:15 &#8211; 20:00, Lillek\u00fcla jalgpallikompleksis Reede: 18:30 &#8211; 20:00, Lillek\u00fcla jalgpallikompleksis","og_url":"https:\/\/fcflora.ee\/en\/naiskond-treenerid\/","og_site_name":"FC Flora","article_modified_time":"2026-03-26T19:52:19+00:00","twitter_card":"summary_large_image","schema":{"@context":"https:\/\/schema.org","@graph":[{"@type":"WebPage","@id":"https:\/\/fcflora.ee\/en\/naiskond-treenerid\/","url":"https:\/\/fcflora.ee\/en\/naiskond-treenerid\/","name":"Treenerid &#8211; FC Flora","isPartOf":{"@id":"https:\/\/fcflora.ee\/#website"},"datePublished":"2019-03-11T10:40:29+00:00","dateModified":"2026-03-26T19:52:19+00:00","breadcrumb":{"@id":"https:\/\/fcflora.ee\/en\/naiskond-treenerid\/#breadcrumb"},"inLanguage":"en-US","potentialAction":[{"@type":"ReadAction","target":["https:\/\/fcflora.ee\/en\/naiskond-treenerid\/"]}]},{"@type":"BreadcrumbList","@id":"https:\/\/fcflora.ee\/en\/naiskond-treenerid\/#breadcrumb","itemListElement":[{"@type":"ListItem","position":1,"name":"Home","item":"https:\/\/fcflora.ee\/en\/avaleht\/"},{"@type":"ListItem","position":2,"name":"Treenerid"}]},{"@type":"WebSite","@id":"https:\/\/fcflora.ee\/#website","url":"https:\/\/fcflora.ee\/","name":"FC Flora","description":"Ametlik koduleht","potentialAction":[{"@type":"SearchAction","target":{"@type":"EntryPoint","urlTemplate":"https:\/\/fcflora.ee\/?s={search_term_string}"},"query-input":{"@type":"PropertyValueSpecification","valueRequired":true,"valueName":"search_term_string"}}],"inLanguage":"en-US"}]}},"uagb_featured_image_src":{"full":false,"thumbnail":false,"medium":false,"medium_large":false,"large":false,"1536x1536":false,"2048x2048":false},"uagb_author_info":{"display_name":"Lauri Sibul","author_link":"https:\/\/fcflora.ee\/en\/author\/lauri\/"},"uagb_comment_info":0,"uagb_excerpt":"Esmasp\u00e4ev: 18:15 &#8211; 20:00, Lillek\u00fcla jalgpallikompleksis Teisip\u00e4ev: 18:15 &#8211; 20:00, Lillek\u00fcla jalgpallikompleksis Kolmap\u00e4ev: 18:15 &#8211; 20:00, Lillek\u00fcla jalgpallikompleksis Reede: 18:30 &#8211; 20:00, Lillek\u00fcla jalgpallikompleksis","_links":{"self":[{"href":"https:\/\/fcflora.ee\/en\/wp-json\/wp\/v2\/pages\/1858","targetHints":{"allow":["GET"]}}],"collection":[{"href":"https:\/\/fcflora.ee\/en\/wp-json\/wp\/v2\/pages"}],"about":[{"href":"https:\/\/fcflora.ee\/en\/wp-json\/wp\/v2\/types\/page"}],"author":[{"embeddable":true,"href":"https:\/\/fcflora.ee\/en\/wp-json\/wp\/v2\/users\/5"}],"replies":[{"embeddable":true,"href":"https:\/\/fcflora.ee\/en\/wp-json\/wp\/v2\/comments?post=1858"}],"version-history":[{"count":8,"href":"https:\/\/fcflora.ee\/en\/wp-json\/wp\/v2\/pages\/1858\/revisions"}],"predecessor-version":[{"id":72961,"href":"https:\/\/fcflora.ee\/en\/wp-json\/wp\/v2\/pages\/1858\/revisions\/72961"}],"wp:attachment":[{"href":"https:\/\/fcflora.ee\/en\/wp-json\/wp\/v2\/media?parent=1858"}],"wp:term":[{"taxonomy":"category","embeddable":true,"href":"https:\/\/fcflora.ee\/en\/wp-json\/wp\/v2\/categories?post=1858"}],"curies":[{"name":"wp","href":"https:\/\/api.w.org\/{rel}","templated":true}]}}