{"id":1069,"date":"2019-03-11T12:52:51","date_gmt":"2019-03-11T10:52:51","guid":{"rendered":"https:\/\/dev.octa.ee\/fcflora\/klubi-klubikaart\/"},"modified":"2019-04-12T15:18:41","modified_gmt":"2019-04-12T12:18:41","slug":"klubi-klubikaart","status":"publish","type":"page","link":"https:\/\/fcflora.ee\/en\/klubi-klubikaart\/","title":{"rendered":"Club &#8211; Klubikaart"},"content":{"rendered":"\n<p>Klubikaart on m\u00f5eldud FC Floras treenivale lapsele ja tema pereliikmetele.<br>Kaarti saab soetada A. Le Coq Arenalt Flora kontorist, Kotka hallist ning m\u00e4ngup\u00e4eval piletikassast.<\/p>\n\n\n\n<p><strong>Hind 3.- \u20ac<\/strong><\/p>\n\n\n\n<h4 class=\"wp-block-heading\">Klubikaardiga kehtivad j\u00e4rgmised soodustused:<\/h4>\n\n\n\n<ul class=\"wp-block-list\"><li>Kaardi etten\u00e4itamisel on kaardi omanikul tasuta sissep\u00e4\u00e4s FC Flora k\u00f5ikidele kodum\u00e4ngudele (Premium Liiga, Esiliiga, Eesti Karikas, Eurom\u00e4ngud).<\/li><li>Noorm\u00e4ngija osaleb klubikaardiga staadionile sisenemisel m\u00e4ngup\u00f5hises noortegruppide vahelises v\u00f5istluses.<\/li><li>Flora f\u00e4nnitoodetele eripakkumised<\/li><li>Opera Pizzas k\u00f5ikidel Flora esindusmeeskonna m\u00e4ngup\u00e4evadel (nii kodus kui v\u00f5\u00f5rsil m\u00e4ngudel) k\u00f5ik pizzad -25%<\/li><li>Kohvikus Kohalik kogu men\u00fc\u00fc -10%<\/li><li>PizzaPros k\u00f5ik pizzad -17%<\/li><li>Amps Arenal kogu men\u00fc\u00fc -7%<\/li><li>Viktus kohvikutes k\u00f5ik toidud -5%<\/li><li>Chicks \u2013 Wings &amp; Fries S\u00f5pruse pst restoranis kanatiivad 6=12 ja 12=24 pakkumised <\/li><li>HappyFly batuudikeskus ja Jalkamaja peoruumi broneeringul<strong>\u00a0\u2013<\/strong>20%ja p\u00e4evak\u00fclastus 5.- (tavahind 12.-)<br>Registreerimine Sportland Footballis Sportlandi kliendiks, et tagada FC Flora kliendisoodustus antud poes (k\u00f5ik Nike t\u00e4ishinnaga tooted -30%, va erihinnaga Flora treeningvarustus, mis juba on soodushinnaga).<\/li><\/ul>\n","protected":false},"excerpt":{"rendered":"<p>Klubikaart on m\u00f5eldud FC Floras treenivale lapsele ja tema pereliikmetele.Kaarti saab soetada A. Le Coq Arenalt Flora kontorist, Kotka hallist ning m\u00e4ngup\u00e4eval piletikassast. Hind 3.- \u20ac Klubikaardiga kehtivad j\u00e4rgmised soodustused: Kaardi etten\u00e4itamisel on kaardi omanikul tasuta sissep\u00e4\u00e4s FC Flora k\u00f5ikidele kodum\u00e4ngudele (Premium Liiga, Esiliiga, Eesti Karikas, Eurom\u00e4ngud). Noorm\u00e4ngija osaleb klubikaardiga staadionile sisenemisel m\u00e4ngup\u00f5hises noortegruppide vahelises [&hellip;]<\/p>\n","protected":false},"author":5,"featured_media":0,"parent":0,"menu_order":0,"comment_status":"closed","ping_status":"closed","template":"","meta":{"_acf_changed":false,"_uag_custom_page_level_css":"","_exactmetrics_skip_tracking":false,"_exactmetrics_sitenote_active":false,"_exactmetrics_sitenote_note":"","_exactmetrics_sitenote_category":0,"footnotes":""},"categories":[17186],"class_list":["post-1069","page","type-page","status-publish","hentry","category-club"],"acf":[],"yoast_head":"<!-- This site is optimized with the Yoast SEO plugin v24.0 - https:\/\/yoast.com\/wordpress\/plugins\/seo\/ -->\n<title>Club - Klubikaart &#8211; FC Flora<\/title>\n<meta name=\"robots\" content=\"index, follow, max-snippet:-1, max-image-preview:large, max-video-preview:-1\" \/>\n<link rel=\"canonical\" href=\"https:\/\/fcflora.ee\/en\/klubi-klubikaart\/\" \/>\n<meta property=\"og:locale\" content=\"en_US\" \/>\n<meta property=\"og:type\" content=\"article\" \/>\n<meta property=\"og:title\" content=\"Club - Klubikaart &#8211; FC Flora\" \/>\n<meta property=\"og:description\" content=\"Klubikaart on m\u00f5eldud FC Floras treenivale lapsele ja tema pereliikmetele.Kaarti saab soetada A. Le Coq Arenalt Flora kontorist, Kotka hallist ning m\u00e4ngup\u00e4eval piletikassast. Hind 3.- \u20ac Klubikaardiga kehtivad j\u00e4rgmised soodustused: Kaardi etten\u00e4itamisel on kaardi omanikul tasuta sissep\u00e4\u00e4s FC Flora k\u00f5ikidele kodum\u00e4ngudele (Premium Liiga, Esiliiga, Eesti Karikas, Eurom\u00e4ngud). Noorm\u00e4ngija osaleb klubikaardiga staadionile sisenemisel m\u00e4ngup\u00f5hises noortegruppide vahelises [&hellip;]\" \/>\n<meta property=\"og:url\" content=\"https:\/\/fcflora.ee\/en\/klubi-klubikaart\/\" \/>\n<meta property=\"og:site_name\" content=\"FC Flora\" \/>\n<meta property=\"article:modified_time\" content=\"2019-04-12T12:18:41+00:00\" \/>\n<meta name=\"twitter:card\" content=\"summary_large_image\" \/>\n<meta name=\"twitter:label1\" content=\"Est. reading time\" \/>\n\t<meta name=\"twitter:data1\" content=\"1 minute\" \/>\n<script type=\"application\/ld+json\" class=\"yoast-schema-graph\">{\"@context\":\"https:\/\/schema.org\",\"@graph\":[{\"@type\":\"WebPage\",\"@id\":\"https:\/\/fcflora.ee\/en\/klubi-klubikaart\/\",\"url\":\"https:\/\/fcflora.ee\/en\/klubi-klubikaart\/\",\"name\":\"Club - Klubikaart &#8211; FC Flora\",\"isPartOf\":{\"@id\":\"https:\/\/fcflora.ee\/#website\"},\"datePublished\":\"2019-03-11T10:52:51+00:00\",\"dateModified\":\"2019-04-12T12:18:41+00:00\",\"breadcrumb\":{\"@id\":\"https:\/\/fcflora.ee\/en\/klubi-klubikaart\/#breadcrumb\"},\"inLanguage\":\"en-US\",\"potentialAction\":[{\"@type\":\"ReadAction\",\"target\":[\"https:\/\/fcflora.ee\/en\/klubi-klubikaart\/\"]}]},{\"@type\":\"BreadcrumbList\",\"@id\":\"https:\/\/fcflora.ee\/en\/klubi-klubikaart\/#breadcrumb\",\"itemListElement\":[{\"@type\":\"ListItem\",\"position\":1,\"name\":\"Home\",\"item\":\"https:\/\/fcflora.ee\/en\/avaleht\/\"},{\"@type\":\"ListItem\",\"position\":2,\"name\":\"Club &#8211; Klubikaart\"}]},{\"@type\":\"WebSite\",\"@id\":\"https:\/\/fcflora.ee\/#website\",\"url\":\"https:\/\/fcflora.ee\/\",\"name\":\"FC Flora\",\"description\":\"Ametlik koduleht\",\"potentialAction\":[{\"@type\":\"SearchAction\",\"target\":{\"@type\":\"EntryPoint\",\"urlTemplate\":\"https:\/\/fcflora.ee\/?s={search_term_string}\"},\"query-input\":{\"@type\":\"PropertyValueSpecification\",\"valueRequired\":true,\"valueName\":\"search_term_string\"}}],\"inLanguage\":\"en-US\"}]}<\/script>\n<!-- \/ Yoast SEO plugin. -->","yoast_head_json":{"title":"Club - Klubikaart &#8211; FC Flora","robots":{"index":"index","follow":"follow","max-snippet":"max-snippet:-1","max-image-preview":"max-image-preview:large","max-video-preview":"max-video-preview:-1"},"canonical":"https:\/\/fcflora.ee\/en\/klubi-klubikaart\/","og_locale":"en_US","og_type":"article","og_title":"Club - Klubikaart &#8211; FC Flora","og_description":"Klubikaart on m\u00f5eldud FC Floras treenivale lapsele ja tema pereliikmetele.Kaarti saab soetada A. Le Coq Arenalt Flora kontorist, Kotka hallist ning m\u00e4ngup\u00e4eval piletikassast. Hind 3.- \u20ac Klubikaardiga kehtivad j\u00e4rgmised soodustused: Kaardi etten\u00e4itamisel on kaardi omanikul tasuta sissep\u00e4\u00e4s FC Flora k\u00f5ikidele kodum\u00e4ngudele (Premium Liiga, Esiliiga, Eesti Karikas, Eurom\u00e4ngud). Noorm\u00e4ngija osaleb klubikaardiga staadionile sisenemisel m\u00e4ngup\u00f5hises noortegruppide vahelises [&hellip;]","og_url":"https:\/\/fcflora.ee\/en\/klubi-klubikaart\/","og_site_name":"FC Flora","article_modified_time":"2019-04-12T12:18:41+00:00","twitter_card":"summary_large_image","twitter_misc":{"Est. reading time":"1 minute"},"schema":{"@context":"https:\/\/schema.org","@graph":[{"@type":"WebPage","@id":"https:\/\/fcflora.ee\/en\/klubi-klubikaart\/","url":"https:\/\/fcflora.ee\/en\/klubi-klubikaart\/","name":"Club - Klubikaart &#8211; FC Flora","isPartOf":{"@id":"https:\/\/fcflora.ee\/#website"},"datePublished":"2019-03-11T10:52:51+00:00","dateModified":"2019-04-12T12:18:41+00:00","breadcrumb":{"@id":"https:\/\/fcflora.ee\/en\/klubi-klubikaart\/#breadcrumb"},"inLanguage":"en-US","potentialAction":[{"@type":"ReadAction","target":["https:\/\/fcflora.ee\/en\/klubi-klubikaart\/"]}]},{"@type":"BreadcrumbList","@id":"https:\/\/fcflora.ee\/en\/klubi-klubikaart\/#breadcrumb","itemListElement":[{"@type":"ListItem","position":1,"name":"Home","item":"https:\/\/fcflora.ee\/en\/avaleht\/"},{"@type":"ListItem","position":2,"name":"Club &#8211; Klubikaart"}]},{"@type":"WebSite","@id":"https:\/\/fcflora.ee\/#website","url":"https:\/\/fcflora.ee\/","name":"FC Flora","description":"Ametlik koduleht","potentialAction":[{"@type":"SearchAction","target":{"@type":"EntryPoint","urlTemplate":"https:\/\/fcflora.ee\/?s={search_term_string}"},"query-input":{"@type":"PropertyValueSpecification","valueRequired":true,"valueName":"search_term_string"}}],"inLanguage":"en-US"}]}},"uagb_featured_image_src":{"full":false,"thumbnail":false,"medium":false,"medium_large":false,"large":false,"1536x1536":false,"2048x2048":false},"uagb_author_info":{"display_name":"Lauri Sibul","author_link":"https:\/\/fcflora.ee\/en\/author\/lauri\/"},"uagb_comment_info":0,"uagb_excerpt":"Klubikaart on m\u00f5eldud FC Floras treenivale lapsele ja tema pereliikmetele.Kaarti saab soetada A. Le Coq Arenalt Flora kontorist, Kotka hallist ning m\u00e4ngup\u00e4eval piletikassast. Hind 3.- \u20ac Klubikaardiga kehtivad j\u00e4rgmised soodustused: Kaardi etten\u00e4itamisel on kaardi omanikul tasuta sissep\u00e4\u00e4s FC Flora k\u00f5ikidele kodum\u00e4ngudele (Premium Liiga, Esiliiga, Eesti Karikas, Eurom\u00e4ngud). Noorm\u00e4ngija osaleb klubikaardiga staadionile sisenemisel m\u00e4ngup\u00f5hises noortegruppide vahelises&hellip;","_links":{"self":[{"href":"https:\/\/fcflora.ee\/en\/wp-json\/wp\/v2\/pages\/1069","targetHints":{"allow":["GET"]}}],"collection":[{"href":"https:\/\/fcflora.ee\/en\/wp-json\/wp\/v2\/pages"}],"about":[{"href":"https:\/\/fcflora.ee\/en\/wp-json\/wp\/v2\/types\/page"}],"author":[{"embeddable":true,"href":"https:\/\/fcflora.ee\/en\/wp-json\/wp\/v2\/users\/5"}],"replies":[{"embeddable":true,"href":"https:\/\/fcflora.ee\/en\/wp-json\/wp\/v2\/comments?post=1069"}],"version-history":[{"count":0,"href":"https:\/\/fcflora.ee\/en\/wp-json\/wp\/v2\/pages\/1069\/revisions"}],"wp:attachment":[{"href":"https:\/\/fcflora.ee\/en\/wp-json\/wp\/v2\/media?parent=1069"}],"wp:term":[{"taxonomy":"category","embeddable":true,"href":"https:\/\/fcflora.ee\/en\/wp-json\/wp\/v2\/categories?post=1069"}],"curies":[{"name":"wp","href":"https:\/\/api.w.org\/{rel}","templated":true}]}}